{"id":420,"date":"2020-10-31T13:14:51","date_gmt":"2020-10-31T12:14:51","guid":{"rendered":"http:\/\/gemmaromeu.com\/?page_id=420"},"modified":"2024-01-19T13:01:29","modified_gmt":"2024-01-19T12:01:29","slug":"contacto","status":"publish","type":"page","link":"https:\/\/gemmaromeu.com\/index.php\/es\/contacto\/","title":{"rendered":"Contacto"},"content":{"rendered":"<p>\u00a1Las dudas se resuelven pregunt\u00e1ndolas! Estoy encantada de escucharte y colaborar en la materializaci\u00f3n de tus ideas.<\/p>\n<p>Si tienes cualquier consulta, ya sea para un proyecto de correcci\u00f3n, traducci\u00f3n o asesoramiento, <strong>env\u00edame tu mensaje<\/strong>.<\/p>\n<p>\u00a1Gracias por considerarme tu aliada en el mundo de las palabras!<\/p>\n<p>&nbsp;<\/p>\n<h3><strong>\u00bfNECESITAS UN PRESUPUESTO?<\/strong><\/h3>\n<p>Solic\u00edtalo sin ning\u00fan compromiso.<\/p>\n<p>&nbsp;<\/p>\n<div class=\"wrc-column-grid wrc-column-grid-3\">\n<div  class=\"wrc-column wrc-column-width-1 wrc-column-start\" >\n<p><a href=\"http:\/\/gemmaromeu.com\/index.php\/contacte\/bombilla\/\" rel=\"attachment wp-att-769\"><img loading=\"lazy\" decoding=\"async\" class=\"aligncenter wp-image-769\" src=\"http:\/\/gemmaromeu.com\/wp-content\/uploads\/2022\/02\/bombilla-300x300.png\" alt=\"\" width=\"70\" height=\"70\" srcset=\"https:\/\/gemmaromeu.com\/wp-content\/uploads\/2022\/02\/bombilla-300x300.png 300w, https:\/\/gemmaromeu.com\/wp-content\/uploads\/2022\/02\/bombilla-150x150.png 150w, https:\/\/gemmaromeu.com\/wp-content\/uploads\/2022\/02\/bombilla-360x360.png 360w, https:\/\/gemmaromeu.com\/wp-content\/uploads\/2022\/02\/bombilla-250x250.png 250w, https:\/\/gemmaromeu.com\/wp-content\/uploads\/2022\/02\/bombilla-100x100.png 100w, https:\/\/gemmaromeu.com\/wp-content\/uploads\/2022\/02\/bombilla.png 512w\" sizes=\"auto, (max-width: 70px) 100vw, 70px\" \/><\/a><\/p>\n<p style=\"text-align: center;\"><strong>1. Me explicas el proyecto.<\/strong><\/p>\n<\/div>\n<div  class=\"wrc-column wrc-column-width-1\" >\n<p><a href=\"http:\/\/gemmaromeu.com\/index.php\/contacte\/comprobado\/\" rel=\"attachment wp-att-768\"><img loading=\"lazy\" decoding=\"async\" class=\"aligncenter wp-image-768\" src=\"http:\/\/gemmaromeu.com\/wp-content\/uploads\/2022\/02\/comprobado-300x300.png\" alt=\"\" width=\"70\" height=\"70\" srcset=\"https:\/\/gemmaromeu.com\/wp-content\/uploads\/2022\/02\/comprobado-300x300.png 300w, https:\/\/gemmaromeu.com\/wp-content\/uploads\/2022\/02\/comprobado-150x150.png 150w, https:\/\/gemmaromeu.com\/wp-content\/uploads\/2022\/02\/comprobado-360x360.png 360w, https:\/\/gemmaromeu.com\/wp-content\/uploads\/2022\/02\/comprobado-250x250.png 250w, https:\/\/gemmaromeu.com\/wp-content\/uploads\/2022\/02\/comprobado-100x100.png 100w, https:\/\/gemmaromeu.com\/wp-content\/uploads\/2022\/02\/comprobado.png 512w\" sizes=\"auto, (max-width: 70px) 100vw, 70px\" \/><\/a><\/p>\n<p style=\"text-align: center;\"><strong>2. Lo analizo y lo valoro.<\/strong><\/p>\n<\/div>\n<div  class=\"wrc-column wrc-column-width-1\" >\n<p><a href=\"http:\/\/gemmaromeu.com\/index.php\/contacte\/apreton-de-manos-2\/\" rel=\"attachment wp-att-767\"><img loading=\"lazy\" decoding=\"async\" class=\"aligncenter wp-image-767\" src=\"http:\/\/gemmaromeu.com\/wp-content\/uploads\/2022\/02\/apreton-de-manos-300x300.png\" alt=\"\" width=\"70\" height=\"70\" srcset=\"https:\/\/gemmaromeu.com\/wp-content\/uploads\/2022\/02\/apreton-de-manos-300x300.png 300w, https:\/\/gemmaromeu.com\/wp-content\/uploads\/2022\/02\/apreton-de-manos-150x150.png 150w, https:\/\/gemmaromeu.com\/wp-content\/uploads\/2022\/02\/apreton-de-manos-360x360.png 360w, https:\/\/gemmaromeu.com\/wp-content\/uploads\/2022\/02\/apreton-de-manos-250x250.png 250w, https:\/\/gemmaromeu.com\/wp-content\/uploads\/2022\/02\/apreton-de-manos-100x100.png 100w, https:\/\/gemmaromeu.com\/wp-content\/uploads\/2022\/02\/apreton-de-manos.png 512w\" sizes=\"auto, (max-width: 70px) 100vw, 70px\" \/><\/a><\/p>\n<p style=\"text-align: center;\"><strong>3. Acordamos precio y plazo de entrega.<\/strong><\/p>\n<\/div>\n<p>&nbsp;<\/p>\n<p><strong>Contacta conmigo a trav\u00e9s del correo y expl\u00edcame qu\u00e9 necesitas.<\/strong><\/p>\n<p><img loading=\"lazy\" decoding=\"async\" class=\" wp-image-439 alignleft\" src=\"http:\/\/gemmaromeu.com\/wp-content\/uploads\/2020\/11\/email-300x300.png\" alt=\"\" width=\"25\" height=\"25\" srcset=\"https:\/\/gemmaromeu.com\/wp-content\/uploads\/2020\/11\/email-300x300.png 300w, https:\/\/gemmaromeu.com\/wp-content\/uploads\/2020\/11\/email-150x150.png 150w, https:\/\/gemmaromeu.com\/wp-content\/uploads\/2020\/11\/email-360x360.png 360w, https:\/\/gemmaromeu.com\/wp-content\/uploads\/2020\/11\/email-250x250.png 250w, https:\/\/gemmaromeu.com\/wp-content\/uploads\/2020\/11\/email-100x100.png 100w, https:\/\/gemmaromeu.com\/wp-content\/uploads\/2020\/11\/email.png 512w\" sizes=\"auto, (max-width: 25px) 100vw, 25px\" \/><strong><a href=\"mailto:info@gemmaromeu.com\">info@gemmaromeu.com<\/a><\/strong><\/p>\n<p>&nbsp;<\/p>\n<p>Debajo encontrar\u00e1s mis <strong>redes sociales<\/strong>, donde puede seguirme para estar al d\u00eda de mi actividad y de todos mis proyectos profesionales y literarios.<\/p>\n","protected":false},"excerpt":{"rendered":"<p>\u00a1Las dudas se resuelven pregunt\u00e1ndolas! Estoy encantada de escucharte y colaborar en la materializaci\u00f3n de tus ideas. Si tienes cualquier consulta, ya sea para un proyecto de correcci\u00f3n, traducci\u00f3n o asesoramiento, env\u00edame tu mensaje. \u00a1Gracias por considerarme tu aliada en [&hellip;]<\/p>\n","protected":false},"author":1,"featured_media":0,"parent":0,"menu_order":0,"comment_status":"closed","ping_status":"closed","template":"page-templates\/page_fullwidth.php","meta":{"footnotes":""},"class_list":["post-420","page","type-page","status-publish","hentry","clearfix"],"yoast_head":"<!-- This site is optimized with the Yoast SEO plugin v22.9 - https:\/\/yoast.com\/wordpress\/plugins\/seo\/ -->\n<title>Contacto - Gemma Romeu i Punt\u00ed<\/title>\n<meta name=\"robots\" content=\"index, follow, max-snippet:-1, max-image-preview:large, max-video-preview:-1\" \/>\n<link rel=\"canonical\" href=\"https:\/\/gemmaromeu.com\/index.php\/es\/contacto\/\" \/>\n<meta property=\"og:locale\" content=\"es_ES\" \/>\n<meta property=\"og:type\" content=\"article\" \/>\n<meta property=\"og:title\" content=\"Contacto - Gemma Romeu i Punt\u00ed\" \/>\n<meta property=\"og:description\" content=\"\u00a1Las dudas se resuelven pregunt\u00e1ndolas! Estoy encantada de escucharte y colaborar en la materializaci\u00f3n de tus ideas. Si tienes cualquier consulta, ya sea para un proyecto de correcci\u00f3n, traducci\u00f3n o asesoramiento, env\u00edame tu mensaje. \u00a1Gracias por considerarme tu aliada en [&hellip;]\" \/>\n<meta property=\"og:url\" content=\"https:\/\/gemmaromeu.com\/index.php\/es\/contacto\/\" \/>\n<meta property=\"og:site_name\" content=\"Gemma Romeu i Punt\u00ed\" \/>\n<meta property=\"article:modified_time\" content=\"2024-01-19T12:01:29+00:00\" \/>\n<meta property=\"og:image\" content=\"http:\/\/gemmaromeu.com\/wp-content\/uploads\/2022\/02\/bombilla-300x300.png\" \/>\n<meta name=\"twitter:card\" content=\"summary_large_image\" \/>\n<meta name=\"twitter:label1\" content=\"Tiempo de lectura\" \/>\n\t<meta name=\"twitter:data1\" content=\"2 minutos\" \/>\n<script type=\"application\/ld+json\" class=\"yoast-schema-graph\">{\"@context\":\"https:\/\/schema.org\",\"@graph\":[{\"@type\":\"WebPage\",\"@id\":\"https:\/\/gemmaromeu.com\/index.php\/es\/contacto\/\",\"url\":\"https:\/\/gemmaromeu.com\/index.php\/es\/contacto\/\",\"name\":\"Contacto - Gemma Romeu i Punt\u00ed\",\"isPartOf\":{\"@id\":\"https:\/\/gemmaromeu.com\/#website\"},\"primaryImageOfPage\":{\"@id\":\"https:\/\/gemmaromeu.com\/index.php\/es\/contacto\/#primaryimage\"},\"image\":{\"@id\":\"https:\/\/gemmaromeu.com\/index.php\/es\/contacto\/#primaryimage\"},\"thumbnailUrl\":\"http:\/\/gemmaromeu.com\/wp-content\/uploads\/2022\/02\/bombilla-300x300.png\",\"datePublished\":\"2020-10-31T12:14:51+00:00\",\"dateModified\":\"2024-01-19T12:01:29+00:00\",\"breadcrumb\":{\"@id\":\"https:\/\/gemmaromeu.com\/index.php\/es\/contacto\/#breadcrumb\"},\"inLanguage\":\"es\",\"potentialAction\":[{\"@type\":\"ReadAction\",\"target\":[\"https:\/\/gemmaromeu.com\/index.php\/es\/contacto\/\"]}]},{\"@type\":\"ImageObject\",\"inLanguage\":\"es\",\"@id\":\"https:\/\/gemmaromeu.com\/index.php\/es\/contacto\/#primaryimage\",\"url\":\"https:\/\/gemmaromeu.com\/wp-content\/uploads\/2022\/02\/bombilla.png\",\"contentUrl\":\"https:\/\/gemmaromeu.com\/wp-content\/uploads\/2022\/02\/bombilla.png\",\"width\":512,\"height\":512},{\"@type\":\"BreadcrumbList\",\"@id\":\"https:\/\/gemmaromeu.com\/index.php\/es\/contacto\/#breadcrumb\",\"itemListElement\":[{\"@type\":\"ListItem\",\"position\":1,\"name\":\"Portada\",\"item\":\"http:\/\/gemmaromeu.com\/\"},{\"@type\":\"ListItem\",\"position\":2,\"name\":\"Contacto\"}]},{\"@type\":\"WebSite\",\"@id\":\"https:\/\/gemmaromeu.com\/#website\",\"url\":\"https:\/\/gemmaromeu.com\/\",\"name\":\"Gemma Romeu i Punt\u00ed\",\"description\":\"correctora \u00b7 redactora \u00b7 traductora \u00b7 assessora ling\u00fc\u00edstica\",\"potentialAction\":[{\"@type\":\"SearchAction\",\"target\":{\"@type\":\"EntryPoint\",\"urlTemplate\":\"https:\/\/gemmaromeu.com\/?s={search_term_string}\"},\"query-input\":\"required name=search_term_string\"}],\"inLanguage\":\"es\"}]}<\/script>\n<!-- \/ Yoast SEO plugin. -->","yoast_head_json":{"title":"Contacto - Gemma Romeu i Punt\u00ed","robots":{"index":"index","follow":"follow","max-snippet":"max-snippet:-1","max-image-preview":"max-image-preview:large","max-video-preview":"max-video-preview:-1"},"canonical":"https:\/\/gemmaromeu.com\/index.php\/es\/contacto\/","og_locale":"es_ES","og_type":"article","og_title":"Contacto - Gemma Romeu i Punt\u00ed","og_description":"\u00a1Las dudas se resuelven pregunt\u00e1ndolas! Estoy encantada de escucharte y colaborar en la materializaci\u00f3n de tus ideas. Si tienes cualquier consulta, ya sea para un proyecto de correcci\u00f3n, traducci\u00f3n o asesoramiento, env\u00edame tu mensaje. \u00a1Gracias por considerarme tu aliada en [&hellip;]","og_url":"https:\/\/gemmaromeu.com\/index.php\/es\/contacto\/","og_site_name":"Gemma Romeu i Punt\u00ed","article_modified_time":"2024-01-19T12:01:29+00:00","og_image":[{"url":"http:\/\/gemmaromeu.com\/wp-content\/uploads\/2022\/02\/bombilla-300x300.png"}],"twitter_card":"summary_large_image","twitter_misc":{"Tiempo de lectura":"2 minutos"},"schema":{"@context":"https:\/\/schema.org","@graph":[{"@type":"WebPage","@id":"https:\/\/gemmaromeu.com\/index.php\/es\/contacto\/","url":"https:\/\/gemmaromeu.com\/index.php\/es\/contacto\/","name":"Contacto - Gemma Romeu i Punt\u00ed","isPartOf":{"@id":"https:\/\/gemmaromeu.com\/#website"},"primaryImageOfPage":{"@id":"https:\/\/gemmaromeu.com\/index.php\/es\/contacto\/#primaryimage"},"image":{"@id":"https:\/\/gemmaromeu.com\/index.php\/es\/contacto\/#primaryimage"},"thumbnailUrl":"http:\/\/gemmaromeu.com\/wp-content\/uploads\/2022\/02\/bombilla-300x300.png","datePublished":"2020-10-31T12:14:51+00:00","dateModified":"2024-01-19T12:01:29+00:00","breadcrumb":{"@id":"https:\/\/gemmaromeu.com\/index.php\/es\/contacto\/#breadcrumb"},"inLanguage":"es","potentialAction":[{"@type":"ReadAction","target":["https:\/\/gemmaromeu.com\/index.php\/es\/contacto\/"]}]},{"@type":"ImageObject","inLanguage":"es","@id":"https:\/\/gemmaromeu.com\/index.php\/es\/contacto\/#primaryimage","url":"https:\/\/gemmaromeu.com\/wp-content\/uploads\/2022\/02\/bombilla.png","contentUrl":"https:\/\/gemmaromeu.com\/wp-content\/uploads\/2022\/02\/bombilla.png","width":512,"height":512},{"@type":"BreadcrumbList","@id":"https:\/\/gemmaromeu.com\/index.php\/es\/contacto\/#breadcrumb","itemListElement":[{"@type":"ListItem","position":1,"name":"Portada","item":"http:\/\/gemmaromeu.com\/"},{"@type":"ListItem","position":2,"name":"Contacto"}]},{"@type":"WebSite","@id":"https:\/\/gemmaromeu.com\/#website","url":"https:\/\/gemmaromeu.com\/","name":"Gemma Romeu i Punt\u00ed","description":"correctora \u00b7 redactora \u00b7 traductora \u00b7 assessora ling\u00fc\u00edstica","potentialAction":[{"@type":"SearchAction","target":{"@type":"EntryPoint","urlTemplate":"https:\/\/gemmaromeu.com\/?s={search_term_string}"},"query-input":"required name=search_term_string"}],"inLanguage":"es"}]}},"_links":{"self":[{"href":"https:\/\/gemmaromeu.com\/index.php\/wp-json\/wp\/v2\/pages\/420","targetHints":{"allow":["GET"]}}],"collection":[{"href":"https:\/\/gemmaromeu.com\/index.php\/wp-json\/wp\/v2\/pages"}],"about":[{"href":"https:\/\/gemmaromeu.com\/index.php\/wp-json\/wp\/v2\/types\/page"}],"author":[{"embeddable":true,"href":"https:\/\/gemmaromeu.com\/index.php\/wp-json\/wp\/v2\/users\/1"}],"replies":[{"embeddable":true,"href":"https:\/\/gemmaromeu.com\/index.php\/wp-json\/wp\/v2\/comments?post=420"}],"version-history":[{"count":10,"href":"https:\/\/gemmaromeu.com\/index.php\/wp-json\/wp\/v2\/pages\/420\/revisions"}],"predecessor-version":[{"id":423,"href":"https:\/\/gemmaromeu.com\/index.php\/wp-json\/wp\/v2\/pages\/420\/revisions\/423"}],"wp:attachment":[{"href":"https:\/\/gemmaromeu.com\/index.php\/wp-json\/wp\/v2\/media?parent=420"}],"curies":[{"name":"wp","href":"https:\/\/api.w.org\/{rel}","templated":true}]}}