{"id":403,"date":"2020-10-31T12:50:52","date_gmt":"2020-10-31T11:50:52","guid":{"rendered":"http:\/\/gemmaromeu.com\/?page_id=403"},"modified":"2025-03-01T09:42:27","modified_gmt":"2025-03-01T08:42:27","slug":"clientes","status":"publish","type":"page","link":"https:\/\/gemmaromeu.com\/index.php\/es\/clientes\/","title":{"rendered":"Clientes"},"content":{"rendered":"<p>Desde finales de 2019 hasta la actualidad, he colaborado con editoriales, empresas de servicios ling\u00fc\u00edsticos y agencias de traducci\u00f3n, como las siguientes:<\/p>\n<p>&nbsp;<\/p>\n<div class=\"wrc-column-grid wrc-column-grid-2\">\n<div  class=\"wrc-column wrc-column-width-1 wrc-column-start\" >\n<p><img loading=\"lazy\" decoding=\"async\" class=\"wp-image-926 aligncenter\" src=\"http:\/\/gemmaromeu.com\/wp-content\/uploads\/2025\/03\/SB-300x300.jpg\" alt=\"\" width=\"159\" height=\"159\" srcset=\"https:\/\/gemmaromeu.com\/wp-content\/uploads\/2025\/03\/SB-300x300.jpg 300w, https:\/\/gemmaromeu.com\/wp-content\/uploads\/2025\/03\/SB-150x150.jpg 150w, https:\/\/gemmaromeu.com\/wp-content\/uploads\/2025\/03\/SB-360x360.jpg 360w, https:\/\/gemmaromeu.com\/wp-content\/uploads\/2025\/03\/SB-250x250.jpg 250w, https:\/\/gemmaromeu.com\/wp-content\/uploads\/2025\/03\/SB-100x100.jpg 100w, https:\/\/gemmaromeu.com\/wp-content\/uploads\/2025\/03\/SB.jpg 400w\" sizes=\"auto, (max-width: 159px) 100vw, 159px\" \/><\/p>\n<ul>\n<li style=\"list-style-type: none;\">\n<ul>\n<li>Lectura profesional de manuscritos y redacci\u00f3n de informes de lectura.<\/li>\n<li>Correcci\u00f3n ortotipogr\u00e1fica y de estilo de novelas de ficci\u00f3n.<\/li>\n<\/ul>\n<\/li>\n<\/ul>\n<p>&nbsp;<\/p>\n<p>&nbsp;<\/p>\n<\/div>\n<div  class=\"wrc-column wrc-column-width-1\" >\n<p><img loading=\"lazy\" decoding=\"async\" class=\"wp-image-924 aligncenter\" src=\"http:\/\/gemmaromeu.com\/wp-content\/uploads\/2025\/03\/logo-finocam-cabero-group-150x150.png\" alt=\"\" width=\"149\" height=\"149\" \/><\/p>\n<ul>\n<li style=\"list-style-type: none;\">\n<ul>\n<li>Correcci\u00f3n ortotipogr\u00e1fica de agendas y calendarios en catal\u00e1n y castellano.<\/li>\n<\/ul>\n<\/li>\n<\/ul>\n<p>&nbsp;<\/p>\n<p>&nbsp;<\/p>\n<\/div>\n<div class=\"wrc-column-grid wrc-column-grid-2\">\n<div  class=\"wrc-column wrc-column-width-1 wrc-column-start\" >\n<p><a href=\"https:\/\/gemmaromeu.com\/index.php\/clients\/onedata-2\/\" rel=\"attachment wp-att-747\"><img loading=\"lazy\" decoding=\"async\" class=\"aligncenter wp-image-747 \" src=\"http:\/\/gemmaromeu.com\/wp-content\/uploads\/2021\/11\/onedata-1-150x98.png\" alt=\"\" width=\"118\" height=\"77\" \/><\/a><\/p>\n<ul>\n<li style=\"list-style-type: none;\">\n<ul>\n<li>Traducci\u00f3n castellano-catal\u00e1n de textos y contenidos de actualidad para televisi\u00f3n y medios audiovisuales.<\/li>\n<\/ul>\n<\/li>\n<\/ul>\n<\/div>\n<div  class=\"wrc-column wrc-column-width-1\" >\n<p><a href=\"https:\/\/gemmaromeu.com\/index.php\/clients\/eumo\/\" rel=\"attachment wp-att-205\"><img loading=\"lazy\" decoding=\"async\" class=\"aligncenter wp-image-205\" src=\"http:\/\/gemmaromeu.com\/wp-content\/uploads\/2020\/10\/Eumo-e1603621914915.png\" alt=\"\" width=\"272\" height=\"64\" srcset=\"https:\/\/gemmaromeu.com\/wp-content\/uploads\/2020\/10\/Eumo-e1603621914915.png 277w, https:\/\/gemmaromeu.com\/wp-content\/uploads\/2020\/10\/Eumo-e1603621914915-250x59.png 250w, https:\/\/gemmaromeu.com\/wp-content\/uploads\/2020\/10\/Eumo-e1603621914915-100x23.png 100w\" sizes=\"auto, (max-width: 272px) 100vw, 272px\" \/><\/a><\/p>\n<ul>\n<li style=\"list-style-type: none;\">\n<ul>\n<li>Correcci\u00f3n ortotipogr\u00e1fica y de estilo de originales y pruebas de imprenta en catal\u00e1n.<\/li>\n<li>Revisi\u00f3n de textos de cubierta y contracubierta.<\/li>\n<\/ul>\n<\/li>\n<\/ul>\n<\/div>\n<p>&nbsp;<\/p>\n<div class=\"wrc-column-grid wrc-column-grid-2\">\n<div  class=\"wrc-column wrc-column-width-1 wrc-column-start\" >\n<p>&nbsp;<\/p>\n<p><a href=\"http:\/\/gemmaromeu.com\/index.php\/es\/clientes\/lapostrof\/\" rel=\"attachment wp-att-717\"><img loading=\"lazy\" decoding=\"async\" class=\" wp-image-717 aligncenter\" src=\"http:\/\/gemmaromeu.com\/wp-content\/uploads\/2021\/09\/LApostrof-300x86.png\" alt=\"\" width=\"269\" height=\"77\" srcset=\"https:\/\/gemmaromeu.com\/wp-content\/uploads\/2021\/09\/LApostrof-300x86.png 300w, https:\/\/gemmaromeu.com\/wp-content\/uploads\/2021\/09\/LApostrof-250x72.png 250w, https:\/\/gemmaromeu.com\/wp-content\/uploads\/2021\/09\/LApostrof-100x29.png 100w, https:\/\/gemmaromeu.com\/wp-content\/uploads\/2021\/09\/LApostrof.png 310w\" sizes=\"auto, (max-width: 269px) 100vw, 269px\" \/><\/a><\/p>\n<ul>\n<li style=\"list-style-type: none;\">\n<ul>\n<li>Traducci\u00f3n castellano-catal\u00e1n de material did\u00e1ctico.<\/li>\n<li>Traducci\u00f3n ingl\u00e9s-catal\u00e1n de textos.<\/li>\n<li>Correcci\u00f3n ortotipogr\u00e1fica y de estilo en catal\u00e1n.<\/li>\n<\/ul>\n<\/li>\n<\/ul>\n<\/div>\n<p>&nbsp;<\/p>\n<div  class=\"wrc-column wrc-column-width-1\" >\n<p><a href=\"https:\/\/gemmaromeu.com\/index.php\/clients\/aadimatiq\/\" rel=\"attachment wp-att-860\"><img loading=\"lazy\" decoding=\"async\" class=\"aligncenter wp-image-860\" src=\"http:\/\/gemmaromeu.com\/wp-content\/uploads\/2024\/01\/Aadimatiq-300x93.png\" alt=\"\" width=\"232\" height=\"72\" srcset=\"https:\/\/gemmaromeu.com\/wp-content\/uploads\/2024\/01\/Aadimatiq-300x93.png 300w, https:\/\/gemmaromeu.com\/wp-content\/uploads\/2024\/01\/Aadimatiq-700x216.png 700w, https:\/\/gemmaromeu.com\/wp-content\/uploads\/2024\/01\/Aadimatiq-520x160.png 520w, https:\/\/gemmaromeu.com\/wp-content\/uploads\/2024\/01\/Aadimatiq-360x111.png 360w, https:\/\/gemmaromeu.com\/wp-content\/uploads\/2024\/01\/Aadimatiq-250x77.png 250w, https:\/\/gemmaromeu.com\/wp-content\/uploads\/2024\/01\/Aadimatiq-100x31.png 100w, https:\/\/gemmaromeu.com\/wp-content\/uploads\/2024\/01\/Aadimatiq.png 723w\" sizes=\"auto, (max-width: 232px) 100vw, 232px\" \/><\/a><\/p>\n<ul>\n<li style=\"list-style-type: none;\">\n<ul>\n<li>Correcci\u00f3n ortotipogr\u00e1fica en catal\u00e1n y castellano.<\/li>\n<\/ul>\n<\/li>\n<\/ul>\n<\/div>\n<p>&nbsp;<\/p>\n<p>&nbsp;<\/p>\n<p>&nbsp;<\/p>\n<div class=\"wrc-column-grid wrc-column-grid-2\">\n<div  class=\"wrc-column wrc-column-width-1 wrc-column-start\" >\n<p><a href=\"https:\/\/gemmaromeu.com\/index.php\/clients\/aulaplaneta\/\" rel=\"attachment wp-att-861\"><img loading=\"lazy\" decoding=\"async\" class=\"aligncenter wp-image-861\" src=\"http:\/\/gemmaromeu.com\/wp-content\/uploads\/2024\/01\/Aulaplaneta-300x70.png\" alt=\"\" width=\"257\" height=\"60\" srcset=\"https:\/\/gemmaromeu.com\/wp-content\/uploads\/2024\/01\/Aulaplaneta-300x70.png 300w, https:\/\/gemmaromeu.com\/wp-content\/uploads\/2024\/01\/Aulaplaneta-1024x239.png 1024w, https:\/\/gemmaromeu.com\/wp-content\/uploads\/2024\/01\/Aulaplaneta-768x180.png 768w, https:\/\/gemmaromeu.com\/wp-content\/uploads\/2024\/01\/Aulaplaneta-700x164.png 700w, https:\/\/gemmaromeu.com\/wp-content\/uploads\/2024\/01\/Aulaplaneta-520x122.png 520w, https:\/\/gemmaromeu.com\/wp-content\/uploads\/2024\/01\/Aulaplaneta-360x84.png 360w, https:\/\/gemmaromeu.com\/wp-content\/uploads\/2024\/01\/Aulaplaneta-250x58.png 250w, https:\/\/gemmaromeu.com\/wp-content\/uploads\/2024\/01\/Aulaplaneta-100x23.png 100w, https:\/\/gemmaromeu.com\/wp-content\/uploads\/2024\/01\/Aulaplaneta.png 1326w\" sizes=\"auto, (max-width: 257px) 100vw, 257px\" \/><\/a><\/p>\n<ul>\n<li style=\"list-style-type: none;\">\n<ul>\n<li>Correcci\u00f3n de estilo de libros de texto en espa\u00f1ol.<\/li>\n<\/ul>\n<\/li>\n<\/ul>\n<\/div>\n<div  class=\"wrc-column wrc-column-width-1\" >\n<p><a href=\"https:\/\/gemmaromeu.com\/index.php\/clients\/grupo-planeta\/\" rel=\"attachment wp-att-862\"><img loading=\"lazy\" decoding=\"async\" class=\"aligncenter wp-image-862\" src=\"http:\/\/gemmaromeu.com\/wp-content\/uploads\/2024\/01\/Grupo-Planeta-300x68.png\" alt=\"\" width=\"260\" height=\"59\" srcset=\"https:\/\/gemmaromeu.com\/wp-content\/uploads\/2024\/01\/Grupo-Planeta-300x68.png 300w, https:\/\/gemmaromeu.com\/wp-content\/uploads\/2024\/01\/Grupo-Planeta-1024x233.png 1024w, https:\/\/gemmaromeu.com\/wp-content\/uploads\/2024\/01\/Grupo-Planeta-768x175.png 768w, https:\/\/gemmaromeu.com\/wp-content\/uploads\/2024\/01\/Grupo-Planeta-700x159.png 700w, https:\/\/gemmaromeu.com\/wp-content\/uploads\/2024\/01\/Grupo-Planeta-520x118.png 520w, https:\/\/gemmaromeu.com\/wp-content\/uploads\/2024\/01\/Grupo-Planeta-360x82.png 360w, https:\/\/gemmaromeu.com\/wp-content\/uploads\/2024\/01\/Grupo-Planeta-250x57.png 250w, https:\/\/gemmaromeu.com\/wp-content\/uploads\/2024\/01\/Grupo-Planeta-100x23.png 100w, https:\/\/gemmaromeu.com\/wp-content\/uploads\/2024\/01\/Grupo-Planeta.png 1280w\" sizes=\"auto, (max-width: 260px) 100vw, 260px\" \/><\/a><\/p>\n<ul>\n<li style=\"list-style-type: none;\">\n<ul>\n<li>Correcci\u00f3n ortotipogr\u00e1fica de manuscritos.<\/li>\n<\/ul>\n<\/li>\n<\/ul>\n<\/div>\n<p>&nbsp;<\/p>\n<p>&nbsp;<\/p>\n<div class=\"wrc-column-grid wrc-column-grid-2\">\n<div  class=\"wrc-column wrc-column-width-1 wrc-column-start\" >\n<p><a href=\"https:\/\/gemmaromeu.com\/index.php\/clients\/tregolam\/\" rel=\"attachment wp-att-206\"><img loading=\"lazy\" decoding=\"async\" class=\"aligncenter size-full wp-image-206\" src=\"http:\/\/gemmaromeu.com\/wp-content\/uploads\/2020\/10\/Tregolam.jpg\" alt=\"\" width=\"192\" height=\"63\" srcset=\"https:\/\/gemmaromeu.com\/wp-content\/uploads\/2020\/10\/Tregolam.jpg 192w, https:\/\/gemmaromeu.com\/wp-content\/uploads\/2020\/10\/Tregolam-100x33.jpg 100w\" sizes=\"auto, (max-width: 192px) 100vw, 192px\" \/><\/a><\/p>\n<ul>\n<li style=\"list-style-type: none;\">\n<ul>\n<li>Correcci\u00f3n ortotipogr\u00e1fica y de estilo de originales en catal\u00e1n y castellano.<\/li>\n<li>Redacci\u00f3n de libros acad\u00e9micos y material did\u00e1ctico.<\/li>\n<\/ul>\n<\/li>\n<\/ul>\n<\/div>\n<div  class=\"wrc-column wrc-column-width-1\" >\n<p><a href=\"http:\/\/gemmaromeu.com\/index.php\/es\/clientes\/textosbcn\/\" rel=\"attachment wp-att-713\"><img loading=\"lazy\" decoding=\"async\" class=\" wp-image-713 aligncenter\" src=\"http:\/\/gemmaromeu.com\/wp-content\/uploads\/2021\/09\/TextosBCN.png\" alt=\"\" width=\"192\" height=\"74\" srcset=\"https:\/\/gemmaromeu.com\/wp-content\/uploads\/2021\/09\/TextosBCN.png 226w, https:\/\/gemmaromeu.com\/wp-content\/uploads\/2021\/09\/TextosBCN-100x38.png 100w\" sizes=\"auto, (max-width: 192px) 100vw, 192px\" \/><\/a><\/p>\n<ul>\n<li style=\"list-style-type: none;\">\n<ul>\n<li>Transcripci\u00f3n en catal\u00e1n.<\/li>\n<\/ul>\n<\/li>\n<\/ul>\n<\/div>\n<p>&nbsp;<\/p>\n<p>&nbsp;<\/p>\n<p>&nbsp;<\/p>\n<div class=\"wrc-column-grid wrc-column-grid-2\">\n<div  class=\"wrc-column wrc-column-width-1 wrc-column-start\" >\n<p><a href=\"https:\/\/gemmaromeu.com\/index.php\/clients\/imprimir\/\" rel=\"attachment wp-att-864\"><img loading=\"lazy\" decoding=\"async\" class=\"aligncenter wp-image-864\" src=\"http:\/\/gemmaromeu.com\/wp-content\/uploads\/2024\/01\/Campus-Superior-de-Formacion-BCN.jpg\" alt=\"\" width=\"143\" height=\"68\" srcset=\"https:\/\/gemmaromeu.com\/wp-content\/uploads\/2024\/01\/Campus-Superior-de-Formacion-BCN.jpg 250w, https:\/\/gemmaromeu.com\/wp-content\/uploads\/2024\/01\/Campus-Superior-de-Formacion-BCN-100x48.jpg 100w\" sizes=\"auto, (max-width: 143px) 100vw, 143px\" \/><\/a><\/p>\n<ul>\n<li style=\"list-style-type: none;\">\n<ul>\n<li>Revisi\u00f3n ling\u00edstica de libros acad\u00e9micos.<\/li>\n<li>Redacci\u00f3n de libros acad\u00e9micos y material did\u00e1ctico en espa\u00f1ol.<\/li>\n<\/ul>\n<\/li>\n<\/ul>\n<\/div>\n<div  class=\"wrc-column wrc-column-width-1\" >\n<p><a href=\"https:\/\/gemmaromeu.com\/index.php\/clients\/digital-growth-2\/\" rel=\"attachment wp-att-866\"><img loading=\"lazy\" decoding=\"async\" class=\"aligncenter wp-image-866\" src=\"http:\/\/gemmaromeu.com\/wp-content\/uploads\/2024\/01\/digital-growth-300x191.png\" alt=\"\" width=\"168\" height=\"107\" srcset=\"https:\/\/gemmaromeu.com\/wp-content\/uploads\/2024\/01\/digital-growth-300x191.png 300w, https:\/\/gemmaromeu.com\/wp-content\/uploads\/2024\/01\/digital-growth-520x331.png 520w, https:\/\/gemmaromeu.com\/wp-content\/uploads\/2024\/01\/digital-growth-360x229.png 360w, https:\/\/gemmaromeu.com\/wp-content\/uploads\/2024\/01\/digital-growth-250x159.png 250w, https:\/\/gemmaromeu.com\/wp-content\/uploads\/2024\/01\/digital-growth-100x64.png 100w, https:\/\/gemmaromeu.com\/wp-content\/uploads\/2024\/01\/digital-growth.png 600w\" sizes=\"auto, (max-width: 168px) 100vw, 168px\" \/><\/a><\/p>\n<ul>\n<li style=\"list-style-type: none;\">\n<ul>\n<li>Redacci\u00f3n de art\u00edculos en espa\u00f1ol, orientados a SEO, para blogs.<\/li>\n<\/ul>\n<\/li>\n<\/ul>\n<\/div>\n<p>&nbsp;<\/p>\n<p>&nbsp;<\/p>\n<div class=\"wrc-column-grid wrc-column-grid-2\">\n<div  class=\"wrc-column wrc-column-width-1 wrc-column-start\" >\n<p><a href=\"https:\/\/gemmaromeu.com\/index.php\/clients\/traducciones-mon\/\" rel=\"attachment wp-att-867\"><img loading=\"lazy\" decoding=\"async\" class=\"aligncenter wp-image-867\" src=\"http:\/\/gemmaromeu.com\/wp-content\/uploads\/2024\/01\/traducciones-mon-300x59.png\" alt=\"\" width=\"244\" height=\"48\" srcset=\"https:\/\/gemmaromeu.com\/wp-content\/uploads\/2024\/01\/traducciones-mon-300x59.png 300w, https:\/\/gemmaromeu.com\/wp-content\/uploads\/2024\/01\/traducciones-mon-360x70.png 360w, https:\/\/gemmaromeu.com\/wp-content\/uploads\/2024\/01\/traducciones-mon-500x100.png 500w, https:\/\/gemmaromeu.com\/wp-content\/uploads\/2024\/01\/traducciones-mon-250x49.png 250w, https:\/\/gemmaromeu.com\/wp-content\/uploads\/2024\/01\/traducciones-mon-100x20.png 100w, https:\/\/gemmaromeu.com\/wp-content\/uploads\/2024\/01\/traducciones-mon.png 512w\" sizes=\"auto, (max-width: 244px) 100vw, 244px\" \/><\/a><\/p>\n<ul>\n<li style=\"list-style-type: none;\">\n<ul>\n<li>Correcci\u00f3n ortotipogr\u00e1fica y de estilo en espa\u00f1ol de art\u00edculos y ensayo.<\/li>\n<li>Traducci\u00f3n espa\u00f1ol-catal\u00e1n de art\u00edculos y ensayo.<\/li>\n<\/ul>\n<\/li>\n<\/ul>\n<\/div>\n<div  class=\"wrc-column wrc-column-width-1\" >\n<p><a href=\"http:\/\/gemmaromeu.com\/index.php\/es\/clientes\/universo-de-letras\/\" rel=\"attachment wp-att-716\"><img loading=\"lazy\" decoding=\"async\" class=\"size-full wp-image-716 aligncenter\" src=\"http:\/\/gemmaromeu.com\/wp-content\/uploads\/2021\/09\/Universo-de-Letras.png\" alt=\"\" width=\"239\" height=\"62\" srcset=\"https:\/\/gemmaromeu.com\/wp-content\/uploads\/2021\/09\/Universo-de-Letras.png 239w, https:\/\/gemmaromeu.com\/wp-content\/uploads\/2021\/09\/Universo-de-Letras-100x26.png 100w\" sizes=\"auto, (max-width: 239px) 100vw, 239px\" \/><\/a><\/p>\n<ul>\n<li style=\"list-style-type: none;\">\n<ul>\n<li>Correcci\u00f3n ortotipogr\u00e1fica y de estilo de manuscritos.<\/li>\n<\/ul>\n<\/li>\n<\/ul>\n<\/div>\n","protected":false},"excerpt":{"rendered":"<p>Desde finales de 2019 hasta la actualidad, he colaborado con editoriales, empresas de servicios ling\u00fc\u00edsticos y agencias de traducci\u00f3n, como las siguientes: &nbsp; &nbsp; &nbsp; &nbsp; &nbsp; &nbsp; &nbsp; &nbsp; &nbsp; &nbsp; &nbsp; &nbsp; &nbsp;<\/p>\n","protected":false},"author":1,"featured_media":0,"parent":0,"menu_order":0,"comment_status":"closed","ping_status":"closed","template":"page-templates\/page_fullwidth.php","meta":{"footnotes":""},"class_list":["post-403","page","type-page","status-publish","hentry","clearfix"],"yoast_head":"<!-- This site is optimized with the Yoast SEO plugin v22.9 - https:\/\/yoast.com\/wordpress\/plugins\/seo\/ -->\n<title>Clientes - Gemma Romeu i Punt\u00ed<\/title>\n<meta name=\"robots\" content=\"index, follow, max-snippet:-1, max-image-preview:large, max-video-preview:-1\" \/>\n<link rel=\"canonical\" href=\"https:\/\/gemmaromeu.com\/index.php\/es\/clientes\/\" \/>\n<meta property=\"og:locale\" content=\"es_ES\" \/>\n<meta property=\"og:type\" content=\"article\" \/>\n<meta property=\"og:title\" content=\"Clientes - Gemma Romeu i Punt\u00ed\" \/>\n<meta property=\"og:description\" content=\"Desde finales de 2019 hasta la actualidad, he colaborado con editoriales, empresas de servicios ling\u00fc\u00edsticos y agencias de traducci\u00f3n, como las siguientes: &nbsp; &nbsp; &nbsp; &nbsp; &nbsp; &nbsp; &nbsp; &nbsp; &nbsp; &nbsp; &nbsp; &nbsp; &nbsp;\" \/>\n<meta property=\"og:url\" content=\"https:\/\/gemmaromeu.com\/index.php\/es\/clientes\/\" \/>\n<meta property=\"og:site_name\" content=\"Gemma Romeu i Punt\u00ed\" \/>\n<meta property=\"article:modified_time\" content=\"2025-03-01T08:42:27+00:00\" \/>\n<meta property=\"og:image\" content=\"http:\/\/gemmaromeu.com\/wp-content\/uploads\/2025\/03\/SB-300x300.jpg\" \/>\n<meta name=\"twitter:card\" content=\"summary_large_image\" \/>\n<meta name=\"twitter:label1\" content=\"Tiempo de lectura\" \/>\n\t<meta name=\"twitter:data1\" content=\"4 minutos\" \/>\n<script type=\"application\/ld+json\" class=\"yoast-schema-graph\">{\"@context\":\"https:\/\/schema.org\",\"@graph\":[{\"@type\":\"WebPage\",\"@id\":\"https:\/\/gemmaromeu.com\/index.php\/es\/clientes\/\",\"url\":\"https:\/\/gemmaromeu.com\/index.php\/es\/clientes\/\",\"name\":\"Clientes - Gemma Romeu i Punt\u00ed\",\"isPartOf\":{\"@id\":\"https:\/\/gemmaromeu.com\/#website\"},\"primaryImageOfPage\":{\"@id\":\"https:\/\/gemmaromeu.com\/index.php\/es\/clientes\/#primaryimage\"},\"image\":{\"@id\":\"https:\/\/gemmaromeu.com\/index.php\/es\/clientes\/#primaryimage\"},\"thumbnailUrl\":\"http:\/\/gemmaromeu.com\/wp-content\/uploads\/2025\/03\/SB-300x300.jpg\",\"datePublished\":\"2020-10-31T11:50:52+00:00\",\"dateModified\":\"2025-03-01T08:42:27+00:00\",\"breadcrumb\":{\"@id\":\"https:\/\/gemmaromeu.com\/index.php\/es\/clientes\/#breadcrumb\"},\"inLanguage\":\"es\",\"potentialAction\":[{\"@type\":\"ReadAction\",\"target\":[\"https:\/\/gemmaromeu.com\/index.php\/es\/clientes\/\"]}]},{\"@type\":\"ImageObject\",\"inLanguage\":\"es\",\"@id\":\"https:\/\/gemmaromeu.com\/index.php\/es\/clientes\/#primaryimage\",\"url\":\"https:\/\/gemmaromeu.com\/wp-content\/uploads\/2025\/03\/SB.jpg\",\"contentUrl\":\"https:\/\/gemmaromeu.com\/wp-content\/uploads\/2025\/03\/SB.jpg\",\"width\":400,\"height\":400},{\"@type\":\"BreadcrumbList\",\"@id\":\"https:\/\/gemmaromeu.com\/index.php\/es\/clientes\/#breadcrumb\",\"itemListElement\":[{\"@type\":\"ListItem\",\"position\":1,\"name\":\"Portada\",\"item\":\"http:\/\/gemmaromeu.com\/\"},{\"@type\":\"ListItem\",\"position\":2,\"name\":\"Clientes\"}]},{\"@type\":\"WebSite\",\"@id\":\"https:\/\/gemmaromeu.com\/#website\",\"url\":\"https:\/\/gemmaromeu.com\/\",\"name\":\"Gemma Romeu i Punt\u00ed\",\"description\":\"correctora \u00b7 redactora \u00b7 traductora \u00b7 assessora ling\u00fc\u00edstica\",\"potentialAction\":[{\"@type\":\"SearchAction\",\"target\":{\"@type\":\"EntryPoint\",\"urlTemplate\":\"https:\/\/gemmaromeu.com\/?s={search_term_string}\"},\"query-input\":\"required name=search_term_string\"}],\"inLanguage\":\"es\"}]}<\/script>\n<!-- \/ Yoast SEO plugin. -->","yoast_head_json":{"title":"Clientes - Gemma Romeu i Punt\u00ed","robots":{"index":"index","follow":"follow","max-snippet":"max-snippet:-1","max-image-preview":"max-image-preview:large","max-video-preview":"max-video-preview:-1"},"canonical":"https:\/\/gemmaromeu.com\/index.php\/es\/clientes\/","og_locale":"es_ES","og_type":"article","og_title":"Clientes - Gemma Romeu i Punt\u00ed","og_description":"Desde finales de 2019 hasta la actualidad, he colaborado con editoriales, empresas de servicios ling\u00fc\u00edsticos y agencias de traducci\u00f3n, como las siguientes: &nbsp; &nbsp; &nbsp; &nbsp; &nbsp; &nbsp; &nbsp; &nbsp; &nbsp; &nbsp; &nbsp; &nbsp; &nbsp;","og_url":"https:\/\/gemmaromeu.com\/index.php\/es\/clientes\/","og_site_name":"Gemma Romeu i Punt\u00ed","article_modified_time":"2025-03-01T08:42:27+00:00","og_image":[{"url":"http:\/\/gemmaromeu.com\/wp-content\/uploads\/2025\/03\/SB-300x300.jpg"}],"twitter_card":"summary_large_image","twitter_misc":{"Tiempo de lectura":"4 minutos"},"schema":{"@context":"https:\/\/schema.org","@graph":[{"@type":"WebPage","@id":"https:\/\/gemmaromeu.com\/index.php\/es\/clientes\/","url":"https:\/\/gemmaromeu.com\/index.php\/es\/clientes\/","name":"Clientes - Gemma Romeu i Punt\u00ed","isPartOf":{"@id":"https:\/\/gemmaromeu.com\/#website"},"primaryImageOfPage":{"@id":"https:\/\/gemmaromeu.com\/index.php\/es\/clientes\/#primaryimage"},"image":{"@id":"https:\/\/gemmaromeu.com\/index.php\/es\/clientes\/#primaryimage"},"thumbnailUrl":"http:\/\/gemmaromeu.com\/wp-content\/uploads\/2025\/03\/SB-300x300.jpg","datePublished":"2020-10-31T11:50:52+00:00","dateModified":"2025-03-01T08:42:27+00:00","breadcrumb":{"@id":"https:\/\/gemmaromeu.com\/index.php\/es\/clientes\/#breadcrumb"},"inLanguage":"es","potentialAction":[{"@type":"ReadAction","target":["https:\/\/gemmaromeu.com\/index.php\/es\/clientes\/"]}]},{"@type":"ImageObject","inLanguage":"es","@id":"https:\/\/gemmaromeu.com\/index.php\/es\/clientes\/#primaryimage","url":"https:\/\/gemmaromeu.com\/wp-content\/uploads\/2025\/03\/SB.jpg","contentUrl":"https:\/\/gemmaromeu.com\/wp-content\/uploads\/2025\/03\/SB.jpg","width":400,"height":400},{"@type":"BreadcrumbList","@id":"https:\/\/gemmaromeu.com\/index.php\/es\/clientes\/#breadcrumb","itemListElement":[{"@type":"ListItem","position":1,"name":"Portada","item":"http:\/\/gemmaromeu.com\/"},{"@type":"ListItem","position":2,"name":"Clientes"}]},{"@type":"WebSite","@id":"https:\/\/gemmaromeu.com\/#website","url":"https:\/\/gemmaromeu.com\/","name":"Gemma Romeu i Punt\u00ed","description":"correctora \u00b7 redactora \u00b7 traductora \u00b7 assessora ling\u00fc\u00edstica","potentialAction":[{"@type":"SearchAction","target":{"@type":"EntryPoint","urlTemplate":"https:\/\/gemmaromeu.com\/?s={search_term_string}"},"query-input":"required name=search_term_string"}],"inLanguage":"es"}]}},"_links":{"self":[{"href":"https:\/\/gemmaromeu.com\/index.php\/wp-json\/wp\/v2\/pages\/403","targetHints":{"allow":["GET"]}}],"collection":[{"href":"https:\/\/gemmaromeu.com\/index.php\/wp-json\/wp\/v2\/pages"}],"about":[{"href":"https:\/\/gemmaromeu.com\/index.php\/wp-json\/wp\/v2\/types\/page"}],"author":[{"embeddable":true,"href":"https:\/\/gemmaromeu.com\/index.php\/wp-json\/wp\/v2\/users\/1"}],"replies":[{"embeddable":true,"href":"https:\/\/gemmaromeu.com\/index.php\/wp-json\/wp\/v2\/comments?post=403"}],"version-history":[{"count":7,"href":"https:\/\/gemmaromeu.com\/index.php\/wp-json\/wp\/v2\/pages\/403\/revisions"}],"predecessor-version":[{"id":929,"href":"https:\/\/gemmaromeu.com\/index.php\/wp-json\/wp\/v2\/pages\/403\/revisions\/929"}],"wp:attachment":[{"href":"https:\/\/gemmaromeu.com\/index.php\/wp-json\/wp\/v2\/media?parent=403"}],"curies":[{"name":"wp","href":"https:\/\/api.w.org\/{rel}","templated":true}]}}