{"id":392,"date":"2020-10-31T12:34:27","date_gmt":"2020-10-31T11:34:27","guid":{"rendered":"http:\/\/gemmaromeu.com\/?page_id=392"},"modified":"2024-01-19T12:02:57","modified_gmt":"2024-01-19T11:02:57","slug":"asesoramiento-literario","status":"publish","type":"page","link":"https:\/\/gemmaromeu.com\/index.php\/es\/asesoramiento-literario\/","title":{"rendered":"Asesoramiento literario"},"content":{"rendered":"<p>Libera tu imaginaci\u00f3n con un <strong>asesoramiento literario personalizado<\/strong>. Si eres un autor o autora con una obra literaria entre manos, te brindo un acompa\u00f1amiento especializado.<\/p>\n<p>Profundizar\u00e1s en tu <strong>creatividad<\/strong> para obtener un texto bien planteado, con una narraci\u00f3n impecable y que comunique todo lo que quieres transmitir. Con esa orientaci\u00f3n, transformar\u00e1s tus ideas en narrativas y personajes memorables.<\/p>\n<p>Tanto si est\u00e1s trabajando en una novela, un cuento o una recopilaci\u00f3n de poemas, te ayudo a explorar tu <strong>potencial creativo<\/strong> y a abrirte camino en el sector literario.<\/p>\n<p>En funci\u00f3n de la <strong>etapa de creaci\u00f3n literaria<\/strong> en la que te encuentres, el asesoramiento puede incluir:<\/p>\n<ul>\n<li><strong>Informe de lectura<\/strong>. Es un informe en el que, despu\u00e9s de leer tu obra, te proporciono una evaluaci\u00f3n detallada sobre los aspectos cr\u00edticos y destaco los puntos fuertes y las posibles mejoras para conseguir su mejor versi\u00f3n.<\/li>\n<\/ul>\n<h6><\/h6>\n<ul>\n<li><strong>Elaboraci\u00f3n del dossier de presentaci\u00f3n de una obra literaria para editoriales<\/strong>. Consiste en la elaboraci\u00f3n del proyecto literario de tu obra, pensado para captar la atenci\u00f3n de editores y agentes literarios. Incluye: ficha t\u00e9cnica, resumen argumental, propuesta de sinopsis, puntos fuertes de la obra y biograf\u00eda del autor\/a.<\/li>\n<\/ul>\n<h6><\/h6>\n<ul>\n<li><strong>Planificaci\u00f3n de novela o relato breve<\/strong>. Te ayudo a establecer una estructura s\u00f3lida para tu narrativa, y que al mismo tiempo tenga coherencia y cautive desde el primer p\u00e1rrafo hasta el \u00faltimo.<\/li>\n<\/ul>\n<h6><\/h6>\n<ul>\n<li><strong>Construcci\u00f3n de personajes<\/strong>. Se trata de desarrollar personajes v\u00edvidos y que dejen huella, dot\u00e1ndoles de profundidad, motivaciones y autenticidad para enriquecer el relato.<\/li>\n<\/ul>\n<h6><\/h6>\n<ul>\n<li><strong>Creaci\u00f3n de tramas<\/strong>. Colaboramos en la creaci\u00f3n de tramas inmersivas e intrigantes que logren atraer la atenci\u00f3n de los lectores.<\/li>\n<\/ul>\n<h6><\/h6>\n<ul>\n<li><strong>Documentaci\u00f3n de tem\u00e1ticas, lugares o \u00e9pocas<\/strong>. Hacemos una investigaci\u00f3n exhaustiva para asegurar que tu obra refleje con precisi\u00f3n el per\u00edodo temporal y el contexto hist\u00f3rico en el que se enmarca la acci\u00f3n.<\/li>\n<\/ul>\n<h6><\/h6>\n<ul>\n<li><strong>Asesoramiento para la presentaci\u00f3n de obras a concursos literarios<\/strong>. Te ofrezco consejos estrat\u00e9gicos y t\u00e9cnicos para optimizar tus obras a la hora de presentarlas a concursos literarios, aumentando las oportunidades de reconocimiento.<\/li>\n<\/ul>\n<p>&nbsp;<\/p>\n","protected":false},"excerpt":{"rendered":"<p>Libera tu imaginaci\u00f3n con un asesoramiento literario personalizado. Si eres un autor o autora con una obra literaria entre manos, te brindo un acompa\u00f1amiento especializado. Profundizar\u00e1s en tu creatividad para obtener un texto bien planteado, con una narraci\u00f3n impecable y [&hellip;]<\/p>\n","protected":false},"author":1,"featured_media":0,"parent":0,"menu_order":0,"comment_status":"closed","ping_status":"closed","template":"page-templates\/page_fullwidth.php","meta":{"footnotes":""},"class_list":["post-392","page","type-page","status-publish","hentry","clearfix"],"yoast_head":"<!-- This site is optimized with the Yoast SEO plugin v22.9 - https:\/\/yoast.com\/wordpress\/plugins\/seo\/ -->\n<title>Asesoramiento literario - Gemma Romeu i Punt\u00ed<\/title>\n<meta name=\"robots\" content=\"index, follow, max-snippet:-1, max-image-preview:large, max-video-preview:-1\" \/>\n<link rel=\"canonical\" href=\"https:\/\/gemmaromeu.com\/index.php\/es\/asesoramiento-literario\/\" \/>\n<meta property=\"og:locale\" content=\"es_ES\" \/>\n<meta property=\"og:type\" content=\"article\" \/>\n<meta property=\"og:title\" content=\"Asesoramiento literario - Gemma Romeu i Punt\u00ed\" \/>\n<meta property=\"og:description\" content=\"Libera tu imaginaci\u00f3n con un asesoramiento literario personalizado. Si eres un autor o autora con una obra literaria entre manos, te brindo un acompa\u00f1amiento especializado. Profundizar\u00e1s en tu creatividad para obtener un texto bien planteado, con una narraci\u00f3n impecable y [&hellip;]\" \/>\n<meta property=\"og:url\" content=\"https:\/\/gemmaromeu.com\/index.php\/es\/asesoramiento-literario\/\" \/>\n<meta property=\"og:site_name\" content=\"Gemma Romeu i Punt\u00ed\" \/>\n<meta property=\"article:modified_time\" content=\"2024-01-19T11:02:57+00:00\" \/>\n<meta name=\"twitter:card\" content=\"summary_large_image\" \/>\n<meta name=\"twitter:label1\" content=\"Tiempo de lectura\" \/>\n\t<meta name=\"twitter:data1\" content=\"2 minutos\" \/>\n<script type=\"application\/ld+json\" class=\"yoast-schema-graph\">{\"@context\":\"https:\/\/schema.org\",\"@graph\":[{\"@type\":\"WebPage\",\"@id\":\"https:\/\/gemmaromeu.com\/index.php\/es\/asesoramiento-literario\/\",\"url\":\"https:\/\/gemmaromeu.com\/index.php\/es\/asesoramiento-literario\/\",\"name\":\"Asesoramiento literario - Gemma Romeu i Punt\u00ed\",\"isPartOf\":{\"@id\":\"https:\/\/gemmaromeu.com\/#website\"},\"datePublished\":\"2020-10-31T11:34:27+00:00\",\"dateModified\":\"2024-01-19T11:02:57+00:00\",\"breadcrumb\":{\"@id\":\"https:\/\/gemmaromeu.com\/index.php\/es\/asesoramiento-literario\/#breadcrumb\"},\"inLanguage\":\"es\",\"potentialAction\":[{\"@type\":\"ReadAction\",\"target\":[\"https:\/\/gemmaromeu.com\/index.php\/es\/asesoramiento-literario\/\"]}]},{\"@type\":\"BreadcrumbList\",\"@id\":\"https:\/\/gemmaromeu.com\/index.php\/es\/asesoramiento-literario\/#breadcrumb\",\"itemListElement\":[{\"@type\":\"ListItem\",\"position\":1,\"name\":\"Portada\",\"item\":\"http:\/\/gemmaromeu.com\/\"},{\"@type\":\"ListItem\",\"position\":2,\"name\":\"Asesoramiento literario\"}]},{\"@type\":\"WebSite\",\"@id\":\"https:\/\/gemmaromeu.com\/#website\",\"url\":\"https:\/\/gemmaromeu.com\/\",\"name\":\"Gemma Romeu i Punt\u00ed\",\"description\":\"correctora \u00b7 redactora \u00b7 traductora \u00b7 assessora ling\u00fc\u00edstica\",\"potentialAction\":[{\"@type\":\"SearchAction\",\"target\":{\"@type\":\"EntryPoint\",\"urlTemplate\":\"https:\/\/gemmaromeu.com\/?s={search_term_string}\"},\"query-input\":\"required name=search_term_string\"}],\"inLanguage\":\"es\"}]}<\/script>\n<!-- \/ Yoast SEO plugin. -->","yoast_head_json":{"title":"Asesoramiento literario - Gemma Romeu i Punt\u00ed","robots":{"index":"index","follow":"follow","max-snippet":"max-snippet:-1","max-image-preview":"max-image-preview:large","max-video-preview":"max-video-preview:-1"},"canonical":"https:\/\/gemmaromeu.com\/index.php\/es\/asesoramiento-literario\/","og_locale":"es_ES","og_type":"article","og_title":"Asesoramiento literario - Gemma Romeu i Punt\u00ed","og_description":"Libera tu imaginaci\u00f3n con un asesoramiento literario personalizado. Si eres un autor o autora con una obra literaria entre manos, te brindo un acompa\u00f1amiento especializado. Profundizar\u00e1s en tu creatividad para obtener un texto bien planteado, con una narraci\u00f3n impecable y [&hellip;]","og_url":"https:\/\/gemmaromeu.com\/index.php\/es\/asesoramiento-literario\/","og_site_name":"Gemma Romeu i Punt\u00ed","article_modified_time":"2024-01-19T11:02:57+00:00","twitter_card":"summary_large_image","twitter_misc":{"Tiempo de lectura":"2 minutos"},"schema":{"@context":"https:\/\/schema.org","@graph":[{"@type":"WebPage","@id":"https:\/\/gemmaromeu.com\/index.php\/es\/asesoramiento-literario\/","url":"https:\/\/gemmaromeu.com\/index.php\/es\/asesoramiento-literario\/","name":"Asesoramiento literario - Gemma Romeu i Punt\u00ed","isPartOf":{"@id":"https:\/\/gemmaromeu.com\/#website"},"datePublished":"2020-10-31T11:34:27+00:00","dateModified":"2024-01-19T11:02:57+00:00","breadcrumb":{"@id":"https:\/\/gemmaromeu.com\/index.php\/es\/asesoramiento-literario\/#breadcrumb"},"inLanguage":"es","potentialAction":[{"@type":"ReadAction","target":["https:\/\/gemmaromeu.com\/index.php\/es\/asesoramiento-literario\/"]}]},{"@type":"BreadcrumbList","@id":"https:\/\/gemmaromeu.com\/index.php\/es\/asesoramiento-literario\/#breadcrumb","itemListElement":[{"@type":"ListItem","position":1,"name":"Portada","item":"http:\/\/gemmaromeu.com\/"},{"@type":"ListItem","position":2,"name":"Asesoramiento literario"}]},{"@type":"WebSite","@id":"https:\/\/gemmaromeu.com\/#website","url":"https:\/\/gemmaromeu.com\/","name":"Gemma Romeu i Punt\u00ed","description":"correctora \u00b7 redactora \u00b7 traductora \u00b7 assessora ling\u00fc\u00edstica","potentialAction":[{"@type":"SearchAction","target":{"@type":"EntryPoint","urlTemplate":"https:\/\/gemmaromeu.com\/?s={search_term_string}"},"query-input":"required name=search_term_string"}],"inLanguage":"es"}]}},"_links":{"self":[{"href":"https:\/\/gemmaromeu.com\/index.php\/wp-json\/wp\/v2\/pages\/392","targetHints":{"allow":["GET"]}}],"collection":[{"href":"https:\/\/gemmaromeu.com\/index.php\/wp-json\/wp\/v2\/pages"}],"about":[{"href":"https:\/\/gemmaromeu.com\/index.php\/wp-json\/wp\/v2\/types\/page"}],"author":[{"embeddable":true,"href":"https:\/\/gemmaromeu.com\/index.php\/wp-json\/wp\/v2\/users\/1"}],"replies":[{"embeddable":true,"href":"https:\/\/gemmaromeu.com\/index.php\/wp-json\/wp\/v2\/comments?post=392"}],"version-history":[{"count":4,"href":"https:\/\/gemmaromeu.com\/index.php\/wp-json\/wp\/v2\/pages\/392\/revisions"}],"predecessor-version":[{"id":854,"href":"https:\/\/gemmaromeu.com\/index.php\/wp-json\/wp\/v2\/pages\/392\/revisions\/854"}],"wp:attachment":[{"href":"https:\/\/gemmaromeu.com\/index.php\/wp-json\/wp\/v2\/media?parent=392"}],"curies":[{"name":"wp","href":"https:\/\/api.w.org\/{rel}","templated":true}]}}