{"id":383,"date":"2020-10-31T12:21:13","date_gmt":"2020-10-31T11:21:13","guid":{"rendered":"http:\/\/gemmaromeu.com\/?page_id=383"},"modified":"2024-01-19T11:09:51","modified_gmt":"2024-01-19T10:09:51","slug":"asesoramiento-linguistico","status":"publish","type":"page","link":"https:\/\/gemmaromeu.com\/index.php\/es\/asesoramiento-linguistico\/","title":{"rendered":"Asesoramiento ling\u00fc\u00edstico"},"content":{"rendered":"<p>El <strong>servicio de asesoramiento ling\u00fc\u00edstico<\/strong> tiene por objetivo ofrecerte ayuda personalizada para que puedas navegar por el mundo de las palabras con confianza.<\/p>\n<p>Ya sea para resolver dudas gramaticales, optimizar el estilo del escrito o asegurar la coherencia del lenguaje, te proporciono un <strong>soporte ling\u00fc\u00edstico y filol\u00f3gico<\/strong> para potenciar tu expresi\u00f3n.<\/p>\n<p>No es necesario que tengas un texto finalizado y definitivo para contratar este servicio. \u00a1Te ayudo durante el proceso de escritura!<\/p>\n<p><strong>Contacta conmigo si&#8230;<\/strong><\/p>\n<ul>\n<li><strong>Tienes un texto inacabado<\/strong> o que todav\u00eda no necesita una correcci\u00f3n ling\u00fc\u00edstica pero s\u00ed un <strong>replanteamiento de la estructura general<\/strong>, la configuraci\u00f3n de apartados o cap\u00edtulos, bibliograf\u00eda, citas bibliogr\u00e1ficas (estilo APA), etc.<\/li>\n<\/ul>\n<h6><\/h6>\n<ul>\n<li>Necesitas que alguien te haga la <strong>revisi\u00f3n de trabajos acad\u00e9micos<\/strong> (TFG y TFM) y te ofrezca una visi\u00f3n cr\u00edtica sobre lo que funciona y lo que no, para conseguir la mejor versi\u00f3n del texto.<\/li>\n<\/ul>\n<h6><\/h6>\n<ul>\n<li>No sabes c\u00f3mo <strong>enfrentarte a la p\u00e1gina en blanco<\/strong> o tienes <strong>problemas para planificar la escritura<\/strong> de un texto y necesitas orientaci\u00f3n en el proceso de creaci\u00f3n.<\/li>\n<\/ul>\n","protected":false},"excerpt":{"rendered":"<p>El servicio de asesoramiento ling\u00fc\u00edstico tiene por objetivo ofrecerte ayuda personalizada para que puedas navegar por el mundo de las palabras con confianza. Ya sea para resolver dudas gramaticales, optimizar el estilo del escrito o asegurar la coherencia del lenguaje, [&hellip;]<\/p>\n","protected":false},"author":1,"featured_media":0,"parent":0,"menu_order":0,"comment_status":"closed","ping_status":"closed","template":"page-templates\/page_fullwidth.php","meta":{"footnotes":""},"class_list":["post-383","page","type-page","status-publish","hentry","clearfix"],"yoast_head":"<!-- This site is optimized with the Yoast SEO plugin v22.9 - https:\/\/yoast.com\/wordpress\/plugins\/seo\/ -->\n<title>Asesoramiento ling\u00fc\u00edstico - Gemma Romeu i Punt\u00ed<\/title>\n<meta name=\"robots\" content=\"index, follow, max-snippet:-1, max-image-preview:large, max-video-preview:-1\" \/>\n<link rel=\"canonical\" href=\"https:\/\/gemmaromeu.com\/index.php\/es\/asesoramiento-linguistico\/\" \/>\n<meta property=\"og:locale\" content=\"es_ES\" \/>\n<meta property=\"og:type\" content=\"article\" \/>\n<meta property=\"og:title\" content=\"Asesoramiento ling\u00fc\u00edstico - Gemma Romeu i Punt\u00ed\" \/>\n<meta property=\"og:description\" content=\"El servicio de asesoramiento ling\u00fc\u00edstico tiene por objetivo ofrecerte ayuda personalizada para que puedas navegar por el mundo de las palabras con confianza. Ya sea para resolver dudas gramaticales, optimizar el estilo del escrito o asegurar la coherencia del lenguaje, [&hellip;]\" \/>\n<meta property=\"og:url\" content=\"https:\/\/gemmaromeu.com\/index.php\/es\/asesoramiento-linguistico\/\" \/>\n<meta property=\"og:site_name\" content=\"Gemma Romeu i Punt\u00ed\" \/>\n<meta property=\"article:modified_time\" content=\"2024-01-19T10:09:51+00:00\" \/>\n<meta name=\"twitter:card\" content=\"summary_large_image\" \/>\n<meta name=\"twitter:label1\" content=\"Tiempo de lectura\" \/>\n\t<meta name=\"twitter:data1\" content=\"1 minuto\" \/>\n<script type=\"application\/ld+json\" class=\"yoast-schema-graph\">{\"@context\":\"https:\/\/schema.org\",\"@graph\":[{\"@type\":\"WebPage\",\"@id\":\"https:\/\/gemmaromeu.com\/index.php\/es\/asesoramiento-linguistico\/\",\"url\":\"https:\/\/gemmaromeu.com\/index.php\/es\/asesoramiento-linguistico\/\",\"name\":\"Asesoramiento ling\u00fc\u00edstico - Gemma Romeu i Punt\u00ed\",\"isPartOf\":{\"@id\":\"https:\/\/gemmaromeu.com\/#website\"},\"datePublished\":\"2020-10-31T11:21:13+00:00\",\"dateModified\":\"2024-01-19T10:09:51+00:00\",\"breadcrumb\":{\"@id\":\"https:\/\/gemmaromeu.com\/index.php\/es\/asesoramiento-linguistico\/#breadcrumb\"},\"inLanguage\":\"es\",\"potentialAction\":[{\"@type\":\"ReadAction\",\"target\":[\"https:\/\/gemmaromeu.com\/index.php\/es\/asesoramiento-linguistico\/\"]}]},{\"@type\":\"BreadcrumbList\",\"@id\":\"https:\/\/gemmaromeu.com\/index.php\/es\/asesoramiento-linguistico\/#breadcrumb\",\"itemListElement\":[{\"@type\":\"ListItem\",\"position\":1,\"name\":\"Portada\",\"item\":\"http:\/\/gemmaromeu.com\/\"},{\"@type\":\"ListItem\",\"position\":2,\"name\":\"Asesoramiento ling\u00fc\u00edstico\"}]},{\"@type\":\"WebSite\",\"@id\":\"https:\/\/gemmaromeu.com\/#website\",\"url\":\"https:\/\/gemmaromeu.com\/\",\"name\":\"Gemma Romeu i Punt\u00ed\",\"description\":\"correctora \u00b7 redactora \u00b7 traductora \u00b7 assessora ling\u00fc\u00edstica\",\"potentialAction\":[{\"@type\":\"SearchAction\",\"target\":{\"@type\":\"EntryPoint\",\"urlTemplate\":\"https:\/\/gemmaromeu.com\/?s={search_term_string}\"},\"query-input\":\"required name=search_term_string\"}],\"inLanguage\":\"es\"}]}<\/script>\n<!-- \/ Yoast SEO plugin. -->","yoast_head_json":{"title":"Asesoramiento ling\u00fc\u00edstico - Gemma Romeu i Punt\u00ed","robots":{"index":"index","follow":"follow","max-snippet":"max-snippet:-1","max-image-preview":"max-image-preview:large","max-video-preview":"max-video-preview:-1"},"canonical":"https:\/\/gemmaromeu.com\/index.php\/es\/asesoramiento-linguistico\/","og_locale":"es_ES","og_type":"article","og_title":"Asesoramiento ling\u00fc\u00edstico - Gemma Romeu i Punt\u00ed","og_description":"El servicio de asesoramiento ling\u00fc\u00edstico tiene por objetivo ofrecerte ayuda personalizada para que puedas navegar por el mundo de las palabras con confianza. Ya sea para resolver dudas gramaticales, optimizar el estilo del escrito o asegurar la coherencia del lenguaje, [&hellip;]","og_url":"https:\/\/gemmaromeu.com\/index.php\/es\/asesoramiento-linguistico\/","og_site_name":"Gemma Romeu i Punt\u00ed","article_modified_time":"2024-01-19T10:09:51+00:00","twitter_card":"summary_large_image","twitter_misc":{"Tiempo de lectura":"1 minuto"},"schema":{"@context":"https:\/\/schema.org","@graph":[{"@type":"WebPage","@id":"https:\/\/gemmaromeu.com\/index.php\/es\/asesoramiento-linguistico\/","url":"https:\/\/gemmaromeu.com\/index.php\/es\/asesoramiento-linguistico\/","name":"Asesoramiento ling\u00fc\u00edstico - Gemma Romeu i Punt\u00ed","isPartOf":{"@id":"https:\/\/gemmaromeu.com\/#website"},"datePublished":"2020-10-31T11:21:13+00:00","dateModified":"2024-01-19T10:09:51+00:00","breadcrumb":{"@id":"https:\/\/gemmaromeu.com\/index.php\/es\/asesoramiento-linguistico\/#breadcrumb"},"inLanguage":"es","potentialAction":[{"@type":"ReadAction","target":["https:\/\/gemmaromeu.com\/index.php\/es\/asesoramiento-linguistico\/"]}]},{"@type":"BreadcrumbList","@id":"https:\/\/gemmaromeu.com\/index.php\/es\/asesoramiento-linguistico\/#breadcrumb","itemListElement":[{"@type":"ListItem","position":1,"name":"Portada","item":"http:\/\/gemmaromeu.com\/"},{"@type":"ListItem","position":2,"name":"Asesoramiento ling\u00fc\u00edstico"}]},{"@type":"WebSite","@id":"https:\/\/gemmaromeu.com\/#website","url":"https:\/\/gemmaromeu.com\/","name":"Gemma Romeu i Punt\u00ed","description":"correctora \u00b7 redactora \u00b7 traductora \u00b7 assessora ling\u00fc\u00edstica","potentialAction":[{"@type":"SearchAction","target":{"@type":"EntryPoint","urlTemplate":"https:\/\/gemmaromeu.com\/?s={search_term_string}"},"query-input":"required name=search_term_string"}],"inLanguage":"es"}]}},"_links":{"self":[{"href":"https:\/\/gemmaromeu.com\/index.php\/wp-json\/wp\/v2\/pages\/383","targetHints":{"allow":["GET"]}}],"collection":[{"href":"https:\/\/gemmaromeu.com\/index.php\/wp-json\/wp\/v2\/pages"}],"about":[{"href":"https:\/\/gemmaromeu.com\/index.php\/wp-json\/wp\/v2\/types\/page"}],"author":[{"embeddable":true,"href":"https:\/\/gemmaromeu.com\/index.php\/wp-json\/wp\/v2\/users\/1"}],"replies":[{"embeddable":true,"href":"https:\/\/gemmaromeu.com\/index.php\/wp-json\/wp\/v2\/comments?post=383"}],"version-history":[{"count":3,"href":"https:\/\/gemmaromeu.com\/index.php\/wp-json\/wp\/v2\/pages\/383\/revisions"}],"predecessor-version":[{"id":848,"href":"https:\/\/gemmaromeu.com\/index.php\/wp-json\/wp\/v2\/pages\/383\/revisions\/848"}],"wp:attachment":[{"href":"https:\/\/gemmaromeu.com\/index.php\/wp-json\/wp\/v2\/media?parent=383"}],"curies":[{"name":"wp","href":"https:\/\/api.w.org\/{rel}","templated":true}]}}