{"id":377,"date":"2020-10-31T12:16:08","date_gmt":"2020-10-31T11:16:08","guid":{"rendered":"http:\/\/gemmaromeu.com\/?page_id=377"},"modified":"2024-01-19T10:05:52","modified_gmt":"2024-01-19T09:05:52","slug":"redaccion","status":"publish","type":"page","link":"https:\/\/gemmaromeu.com\/index.php\/es\/redaccion\/","title":{"rendered":"Redacci\u00f3n"},"content":{"rendered":"<p>El servicio de redacci\u00f3n es un campo de trabajo en el que los <strong>escritores profesionales<\/strong> y los <strong>creadores de contenido<\/strong> elaboran materiales escritos seg\u00fan un prop\u00f3sito o especificaciones.<\/p>\n<p>Esto engloba <strong>varios \u00e1mbitos<\/strong>, tanto la escritura de libros y obras literarias como guiones cinematogr\u00e1ficos, art\u00edculos para blogs, contenidos para p\u00e1ginas web, noticias period\u00edsticas, comunicados de prensa y rese\u00f1as, descripciones de productos, e incluso exposiciones orales y trabajos acad\u00e9micos o de investigaci\u00f3n, entre otros.<\/p>\n<p>En mi caso, los <strong>servicios de redacci\u00f3n<\/strong> que ofrezco son los siguientes:<\/p>\n<ul>\n<li><strong>Redacci\u00f3n de obras literarias<\/strong>:\n<ul>\n<li><em>De ficci\u00f3n<\/em>: relato breve, novela y poes\u00eda.<\/li>\n<li><em>De no ficci\u00f3n<\/em>: ensayo.<\/li>\n<\/ul>\n<\/li>\n<\/ul>\n<ul>\n<li><strong>Redacci\u00f3n de textos period\u00edsticos<\/strong>: noticias, notas de prensa, art\u00edculos, etc.<\/li>\n<li><strong>Redacci\u00f3n de contenido digital<\/strong>: textos publicitarios o comerciales (<em>copywriting<\/em>).<\/li>\n<li><strong>Redacci\u00f3n de textos acad\u00e9micos<\/strong>: libros de texto o did\u00e1cticos, investigaciones, bibliograf\u00edas, etc.<\/li>\n<li><strong>Otros<\/strong>: redacci\u00f3n de presentaciones, res\u00famenes, listados, documentos de empresa, textos corporativos, etc.<\/li>\n<\/ul>\n","protected":false},"excerpt":{"rendered":"<p>El servicio de redacci\u00f3n es un campo de trabajo en el que los escritores profesionales y los creadores de contenido elaboran materiales escritos seg\u00fan un prop\u00f3sito o especificaciones. Esto engloba varios \u00e1mbitos, tanto la escritura de libros y obras literarias [&hellip;]<\/p>\n","protected":false},"author":1,"featured_media":0,"parent":0,"menu_order":0,"comment_status":"closed","ping_status":"closed","template":"page-templates\/page_fullwidth.php","meta":{"footnotes":""},"class_list":["post-377","page","type-page","status-publish","hentry","clearfix"],"yoast_head":"<!-- This site is optimized with the Yoast SEO plugin v22.9 - https:\/\/yoast.com\/wordpress\/plugins\/seo\/ -->\n<title>Redacci\u00f3n - Gemma Romeu i Punt\u00ed<\/title>\n<meta name=\"robots\" content=\"index, follow, max-snippet:-1, max-image-preview:large, max-video-preview:-1\" \/>\n<link rel=\"canonical\" href=\"https:\/\/gemmaromeu.com\/index.php\/es\/redaccion\/\" \/>\n<meta property=\"og:locale\" content=\"es_ES\" \/>\n<meta property=\"og:type\" content=\"article\" \/>\n<meta property=\"og:title\" content=\"Redacci\u00f3n - Gemma Romeu i Punt\u00ed\" \/>\n<meta property=\"og:description\" content=\"El servicio de redacci\u00f3n es un campo de trabajo en el que los escritores profesionales y los creadores de contenido elaboran materiales escritos seg\u00fan un prop\u00f3sito o especificaciones. Esto engloba varios \u00e1mbitos, tanto la escritura de libros y obras literarias [&hellip;]\" \/>\n<meta property=\"og:url\" content=\"https:\/\/gemmaromeu.com\/index.php\/es\/redaccion\/\" \/>\n<meta property=\"og:site_name\" content=\"Gemma Romeu i Punt\u00ed\" \/>\n<meta property=\"article:modified_time\" content=\"2024-01-19T09:05:52+00:00\" \/>\n<meta name=\"twitter:card\" content=\"summary_large_image\" \/>\n<meta name=\"twitter:label1\" content=\"Tiempo de lectura\" \/>\n\t<meta name=\"twitter:data1\" content=\"1 minuto\" \/>\n<script type=\"application\/ld+json\" class=\"yoast-schema-graph\">{\"@context\":\"https:\/\/schema.org\",\"@graph\":[{\"@type\":\"WebPage\",\"@id\":\"https:\/\/gemmaromeu.com\/index.php\/es\/redaccion\/\",\"url\":\"https:\/\/gemmaromeu.com\/index.php\/es\/redaccion\/\",\"name\":\"Redacci\u00f3n - Gemma Romeu i Punt\u00ed\",\"isPartOf\":{\"@id\":\"https:\/\/gemmaromeu.com\/#website\"},\"datePublished\":\"2020-10-31T11:16:08+00:00\",\"dateModified\":\"2024-01-19T09:05:52+00:00\",\"breadcrumb\":{\"@id\":\"https:\/\/gemmaromeu.com\/index.php\/es\/redaccion\/#breadcrumb\"},\"inLanguage\":\"es\",\"potentialAction\":[{\"@type\":\"ReadAction\",\"target\":[\"https:\/\/gemmaromeu.com\/index.php\/es\/redaccion\/\"]}]},{\"@type\":\"BreadcrumbList\",\"@id\":\"https:\/\/gemmaromeu.com\/index.php\/es\/redaccion\/#breadcrumb\",\"itemListElement\":[{\"@type\":\"ListItem\",\"position\":1,\"name\":\"Portada\",\"item\":\"http:\/\/gemmaromeu.com\/\"},{\"@type\":\"ListItem\",\"position\":2,\"name\":\"Redacci\u00f3n\"}]},{\"@type\":\"WebSite\",\"@id\":\"https:\/\/gemmaromeu.com\/#website\",\"url\":\"https:\/\/gemmaromeu.com\/\",\"name\":\"Gemma Romeu i Punt\u00ed\",\"description\":\"correctora \u00b7 redactora \u00b7 traductora \u00b7 assessora ling\u00fc\u00edstica\",\"potentialAction\":[{\"@type\":\"SearchAction\",\"target\":{\"@type\":\"EntryPoint\",\"urlTemplate\":\"https:\/\/gemmaromeu.com\/?s={search_term_string}\"},\"query-input\":\"required name=search_term_string\"}],\"inLanguage\":\"es\"}]}<\/script>\n<!-- \/ Yoast SEO plugin. -->","yoast_head_json":{"title":"Redacci\u00f3n - Gemma Romeu i Punt\u00ed","robots":{"index":"index","follow":"follow","max-snippet":"max-snippet:-1","max-image-preview":"max-image-preview:large","max-video-preview":"max-video-preview:-1"},"canonical":"https:\/\/gemmaromeu.com\/index.php\/es\/redaccion\/","og_locale":"es_ES","og_type":"article","og_title":"Redacci\u00f3n - Gemma Romeu i Punt\u00ed","og_description":"El servicio de redacci\u00f3n es un campo de trabajo en el que los escritores profesionales y los creadores de contenido elaboran materiales escritos seg\u00fan un prop\u00f3sito o especificaciones. Esto engloba varios \u00e1mbitos, tanto la escritura de libros y obras literarias [&hellip;]","og_url":"https:\/\/gemmaromeu.com\/index.php\/es\/redaccion\/","og_site_name":"Gemma Romeu i Punt\u00ed","article_modified_time":"2024-01-19T09:05:52+00:00","twitter_card":"summary_large_image","twitter_misc":{"Tiempo de lectura":"1 minuto"},"schema":{"@context":"https:\/\/schema.org","@graph":[{"@type":"WebPage","@id":"https:\/\/gemmaromeu.com\/index.php\/es\/redaccion\/","url":"https:\/\/gemmaromeu.com\/index.php\/es\/redaccion\/","name":"Redacci\u00f3n - Gemma Romeu i Punt\u00ed","isPartOf":{"@id":"https:\/\/gemmaromeu.com\/#website"},"datePublished":"2020-10-31T11:16:08+00:00","dateModified":"2024-01-19T09:05:52+00:00","breadcrumb":{"@id":"https:\/\/gemmaromeu.com\/index.php\/es\/redaccion\/#breadcrumb"},"inLanguage":"es","potentialAction":[{"@type":"ReadAction","target":["https:\/\/gemmaromeu.com\/index.php\/es\/redaccion\/"]}]},{"@type":"BreadcrumbList","@id":"https:\/\/gemmaromeu.com\/index.php\/es\/redaccion\/#breadcrumb","itemListElement":[{"@type":"ListItem","position":1,"name":"Portada","item":"http:\/\/gemmaromeu.com\/"},{"@type":"ListItem","position":2,"name":"Redacci\u00f3n"}]},{"@type":"WebSite","@id":"https:\/\/gemmaromeu.com\/#website","url":"https:\/\/gemmaromeu.com\/","name":"Gemma Romeu i Punt\u00ed","description":"correctora \u00b7 redactora \u00b7 traductora \u00b7 assessora ling\u00fc\u00edstica","potentialAction":[{"@type":"SearchAction","target":{"@type":"EntryPoint","urlTemplate":"https:\/\/gemmaromeu.com\/?s={search_term_string}"},"query-input":"required name=search_term_string"}],"inLanguage":"es"}]}},"_links":{"self":[{"href":"https:\/\/gemmaromeu.com\/index.php\/wp-json\/wp\/v2\/pages\/377","targetHints":{"allow":["GET"]}}],"collection":[{"href":"https:\/\/gemmaromeu.com\/index.php\/wp-json\/wp\/v2\/pages"}],"about":[{"href":"https:\/\/gemmaromeu.com\/index.php\/wp-json\/wp\/v2\/types\/page"}],"author":[{"embeddable":true,"href":"https:\/\/gemmaromeu.com\/index.php\/wp-json\/wp\/v2\/users\/1"}],"replies":[{"embeddable":true,"href":"https:\/\/gemmaromeu.com\/index.php\/wp-json\/wp\/v2\/comments?post=377"}],"version-history":[{"count":4,"href":"https:\/\/gemmaromeu.com\/index.php\/wp-json\/wp\/v2\/pages\/377\/revisions"}],"predecessor-version":[{"id":839,"href":"https:\/\/gemmaromeu.com\/index.php\/wp-json\/wp\/v2\/pages\/377\/revisions\/839"}],"wp:attachment":[{"href":"https:\/\/gemmaromeu.com\/index.php\/wp-json\/wp\/v2\/media?parent=377"}],"curies":[{"name":"wp","href":"https:\/\/api.w.org\/{rel}","templated":true}]}}