{"id":373,"date":"2020-10-31T12:12:53","date_gmt":"2020-10-31T11:12:53","guid":{"rendered":"http:\/\/gemmaromeu.com\/?page_id=373"},"modified":"2024-01-18T19:56:15","modified_gmt":"2024-01-18T18:56:15","slug":"correccion","status":"publish","type":"page","link":"https:\/\/gemmaromeu.com\/index.php\/es\/correccion\/","title":{"rendered":"Correcci\u00f3n"},"content":{"rendered":"<p>Gracias a mi formaci\u00f3n y experiencia, me dedico a <strong>perfeccionar las palabras<\/strong> para que brillen con claridad. Ofrezco servicios de correcci\u00f3n de textos que van m\u00e1s all\u00e1 de la gram\u00e1tica y la ortograf\u00eda, con lo que aseguro que el mensaje sea impecable y preciso.<\/p>\n<p>Desde <strong>documentos profesionales<\/strong> hasta <strong>contenidos digitales<\/strong> y <strong>obras literarias<\/strong>, puedo ayudarte a conseguir textos escritos en catal\u00e1n y en castellano con la m\u00e1xima calidad ling\u00fc\u00edstica.<\/p>\n<p>En funci\u00f3n del <strong>objetivo<\/strong> que se persiga o del <strong>estado<\/strong> (de escritura o publicaci\u00f3n) en el que se encuentre el texto, ser\u00e1 necesario un tipo de revisi\u00f3n u otra.<\/p>\n<p>Los <strong>tipos de correcci\u00f3n<\/strong> que ofrezco son:<\/p>\n<ul>\n<li><strong>Correcci\u00f3n de estilo.<\/strong> Es la revisi\u00f3n de aspectos como las repeticiones de palabras, el ritmo y la monoton\u00eda, el uso de muletillas ling\u00fc\u00edsticas, la falta de coherencia o cohesi\u00f3n en la estructura general, y la adecuaci\u00f3n del texto a su prop\u00f3sito y a su registro.<\/li>\n<\/ul>\n<h6><\/h6>\n<ul>\n<li><strong>Correcci\u00f3n ortotipogr\u00e1fica.<\/strong> Tiene el objetivo de corregir no solo los errores ortogr\u00e1ficos, gramaticales y sint\u00e1cticos, sino tambi\u00e9n las incorrecciones tipogr\u00e1ficas y de puntuaci\u00f3n (may\u00fasculas, uso de cursivas y negritas, listas de guiones, cabeceras, separaci\u00f3n de palabras a final de l\u00ednea, etc.).<\/li>\n<\/ul>\n<h6><\/h6>\n<ul>\n<li><strong>Correcci\u00f3n ortotipogr\u00e1fica y de estilo.<\/strong> Para una revisi\u00f3n integral, consiste en la enmienda de incorrecciones ortotipogr\u00e1ficas, de estilo y de adecuaci\u00f3n general.<\/li>\n<\/ul>\n<h6><\/h6>\n<ul>\n<li><strong>Revisi\u00f3n de galeradas y compaginadas.<\/strong> Dentro del proceso de edici\u00f3n editorial, es la revisi\u00f3n de correcciones de maqueta, comprobaci\u00f3n o redacci\u00f3n de textos de cubierta o contracubierta, sinopsis, res\u00famenes, \u00edndices, bibliograf\u00edas, etc.<\/li>\n<\/ul>\n","protected":false},"excerpt":{"rendered":"<p>Gracias a mi formaci\u00f3n y experiencia, me dedico a perfeccionar las palabras para que brillen con claridad. Ofrezco servicios de correcci\u00f3n de textos que van m\u00e1s all\u00e1 de la gram\u00e1tica y la ortograf\u00eda, con lo que aseguro que el mensaje [&hellip;]<\/p>\n","protected":false},"author":1,"featured_media":0,"parent":0,"menu_order":0,"comment_status":"closed","ping_status":"closed","template":"page-templates\/page_fullwidth.php","meta":{"footnotes":""},"class_list":["post-373","page","type-page","status-publish","hentry","clearfix"],"yoast_head":"<!-- This site is optimized with the Yoast SEO plugin v22.9 - https:\/\/yoast.com\/wordpress\/plugins\/seo\/ -->\n<title>Correcci\u00f3n - Gemma Romeu i Punt\u00ed<\/title>\n<meta name=\"robots\" content=\"index, follow, max-snippet:-1, max-image-preview:large, max-video-preview:-1\" \/>\n<link rel=\"canonical\" href=\"https:\/\/gemmaromeu.com\/index.php\/es\/correccion\/\" \/>\n<meta property=\"og:locale\" content=\"es_ES\" \/>\n<meta property=\"og:type\" content=\"article\" \/>\n<meta property=\"og:title\" content=\"Correcci\u00f3n - Gemma Romeu i Punt\u00ed\" \/>\n<meta property=\"og:description\" content=\"Gracias a mi formaci\u00f3n y experiencia, me dedico a perfeccionar las palabras para que brillen con claridad. Ofrezco servicios de correcci\u00f3n de textos que van m\u00e1s all\u00e1 de la gram\u00e1tica y la ortograf\u00eda, con lo que aseguro que el mensaje [&hellip;]\" \/>\n<meta property=\"og:url\" content=\"https:\/\/gemmaromeu.com\/index.php\/es\/correccion\/\" \/>\n<meta property=\"og:site_name\" content=\"Gemma Romeu i Punt\u00ed\" \/>\n<meta property=\"article:modified_time\" content=\"2024-01-18T18:56:15+00:00\" \/>\n<meta name=\"twitter:card\" content=\"summary_large_image\" \/>\n<meta name=\"twitter:label1\" content=\"Tiempo de lectura\" \/>\n\t<meta name=\"twitter:data1\" content=\"2 minutos\" \/>\n<script type=\"application\/ld+json\" class=\"yoast-schema-graph\">{\"@context\":\"https:\/\/schema.org\",\"@graph\":[{\"@type\":\"WebPage\",\"@id\":\"https:\/\/gemmaromeu.com\/index.php\/es\/correccion\/\",\"url\":\"https:\/\/gemmaromeu.com\/index.php\/es\/correccion\/\",\"name\":\"Correcci\u00f3n - Gemma Romeu i Punt\u00ed\",\"isPartOf\":{\"@id\":\"https:\/\/gemmaromeu.com\/#website\"},\"datePublished\":\"2020-10-31T11:12:53+00:00\",\"dateModified\":\"2024-01-18T18:56:15+00:00\",\"breadcrumb\":{\"@id\":\"https:\/\/gemmaromeu.com\/index.php\/es\/correccion\/#breadcrumb\"},\"inLanguage\":\"es\",\"potentialAction\":[{\"@type\":\"ReadAction\",\"target\":[\"https:\/\/gemmaromeu.com\/index.php\/es\/correccion\/\"]}]},{\"@type\":\"BreadcrumbList\",\"@id\":\"https:\/\/gemmaromeu.com\/index.php\/es\/correccion\/#breadcrumb\",\"itemListElement\":[{\"@type\":\"ListItem\",\"position\":1,\"name\":\"Portada\",\"item\":\"http:\/\/gemmaromeu.com\/\"},{\"@type\":\"ListItem\",\"position\":2,\"name\":\"Correcci\u00f3n\"}]},{\"@type\":\"WebSite\",\"@id\":\"https:\/\/gemmaromeu.com\/#website\",\"url\":\"https:\/\/gemmaromeu.com\/\",\"name\":\"Gemma Romeu i Punt\u00ed\",\"description\":\"correctora \u00b7 redactora \u00b7 traductora \u00b7 assessora ling\u00fc\u00edstica\",\"potentialAction\":[{\"@type\":\"SearchAction\",\"target\":{\"@type\":\"EntryPoint\",\"urlTemplate\":\"https:\/\/gemmaromeu.com\/?s={search_term_string}\"},\"query-input\":\"required name=search_term_string\"}],\"inLanguage\":\"es\"}]}<\/script>\n<!-- \/ Yoast SEO plugin. -->","yoast_head_json":{"title":"Correcci\u00f3n - Gemma Romeu i Punt\u00ed","robots":{"index":"index","follow":"follow","max-snippet":"max-snippet:-1","max-image-preview":"max-image-preview:large","max-video-preview":"max-video-preview:-1"},"canonical":"https:\/\/gemmaromeu.com\/index.php\/es\/correccion\/","og_locale":"es_ES","og_type":"article","og_title":"Correcci\u00f3n - Gemma Romeu i Punt\u00ed","og_description":"Gracias a mi formaci\u00f3n y experiencia, me dedico a perfeccionar las palabras para que brillen con claridad. Ofrezco servicios de correcci\u00f3n de textos que van m\u00e1s all\u00e1 de la gram\u00e1tica y la ortograf\u00eda, con lo que aseguro que el mensaje [&hellip;]","og_url":"https:\/\/gemmaromeu.com\/index.php\/es\/correccion\/","og_site_name":"Gemma Romeu i Punt\u00ed","article_modified_time":"2024-01-18T18:56:15+00:00","twitter_card":"summary_large_image","twitter_misc":{"Tiempo de lectura":"2 minutos"},"schema":{"@context":"https:\/\/schema.org","@graph":[{"@type":"WebPage","@id":"https:\/\/gemmaromeu.com\/index.php\/es\/correccion\/","url":"https:\/\/gemmaromeu.com\/index.php\/es\/correccion\/","name":"Correcci\u00f3n - Gemma Romeu i Punt\u00ed","isPartOf":{"@id":"https:\/\/gemmaromeu.com\/#website"},"datePublished":"2020-10-31T11:12:53+00:00","dateModified":"2024-01-18T18:56:15+00:00","breadcrumb":{"@id":"https:\/\/gemmaromeu.com\/index.php\/es\/correccion\/#breadcrumb"},"inLanguage":"es","potentialAction":[{"@type":"ReadAction","target":["https:\/\/gemmaromeu.com\/index.php\/es\/correccion\/"]}]},{"@type":"BreadcrumbList","@id":"https:\/\/gemmaromeu.com\/index.php\/es\/correccion\/#breadcrumb","itemListElement":[{"@type":"ListItem","position":1,"name":"Portada","item":"http:\/\/gemmaromeu.com\/"},{"@type":"ListItem","position":2,"name":"Correcci\u00f3n"}]},{"@type":"WebSite","@id":"https:\/\/gemmaromeu.com\/#website","url":"https:\/\/gemmaromeu.com\/","name":"Gemma Romeu i Punt\u00ed","description":"correctora \u00b7 redactora \u00b7 traductora \u00b7 assessora ling\u00fc\u00edstica","potentialAction":[{"@type":"SearchAction","target":{"@type":"EntryPoint","urlTemplate":"https:\/\/gemmaromeu.com\/?s={search_term_string}"},"query-input":"required name=search_term_string"}],"inLanguage":"es"}]}},"_links":{"self":[{"href":"https:\/\/gemmaromeu.com\/index.php\/wp-json\/wp\/v2\/pages\/373","targetHints":{"allow":["GET"]}}],"collection":[{"href":"https:\/\/gemmaromeu.com\/index.php\/wp-json\/wp\/v2\/pages"}],"about":[{"href":"https:\/\/gemmaromeu.com\/index.php\/wp-json\/wp\/v2\/types\/page"}],"author":[{"embeddable":true,"href":"https:\/\/gemmaromeu.com\/index.php\/wp-json\/wp\/v2\/users\/1"}],"replies":[{"embeddable":true,"href":"https:\/\/gemmaromeu.com\/index.php\/wp-json\/wp\/v2\/comments?post=373"}],"version-history":[{"count":6,"href":"https:\/\/gemmaromeu.com\/index.php\/wp-json\/wp\/v2\/pages\/373\/revisions"}],"predecessor-version":[{"id":831,"href":"https:\/\/gemmaromeu.com\/index.php\/wp-json\/wp\/v2\/pages\/373\/revisions\/831"}],"wp:attachment":[{"href":"https:\/\/gemmaromeu.com\/index.php\/wp-json\/wp\/v2\/media?parent=373"}],"curies":[{"name":"wp","href":"https:\/\/api.w.org\/{rel}","templated":true}]}}