{"id":268,"date":"2020-10-25T13:14:15","date_gmt":"2020-10-25T12:14:15","guid":{"rendered":"http:\/\/gemmaromeu.com\/?page_id=268"},"modified":"2024-01-19T12:22:57","modified_gmt":"2024-01-19T11:22:57","slug":"transcripcio","status":"publish","type":"page","link":"https:\/\/gemmaromeu.com\/index.php\/transcripcio\/","title":{"rendered":"Transcripci\u00f3"},"content":{"rendered":"<p>Si tens un <strong>arxiu d\u2019\u00e0udio o v\u00eddeo<\/strong> i vols passar-lo a un <strong>format de text<\/strong>, aquest \u00e9s el servei que necessites.\u00a0La <strong>transcripci\u00f3 de textos<\/strong> consisteix a convertir la informaci\u00f3 oral en un format escrit, i implica escoltar l\u2019\u00e0udio i reproduir-lo amb precisi\u00f3 en forma de text.<\/p>\n<p>Aquesta tasca es pot aplicar a una <strong>\u00e0mplia varietat de continguts<\/strong>, com ara entrevistes, discursos, converses, seminaris, p\u00f2dcasts, v\u00eddeos, enregistraments i altres materials verbals.<\/p>\n<p>\u00c9s fonamental en diverses \u00e0rees, com la <strong>recerca acad\u00e8mica<\/strong>, la producci\u00f3 de contingut <strong>multim\u00e8dia<\/strong>, <strong>l\u2019accessibilitat<\/strong> per a persones amb discapacitats auditives i altres aplicacions on cal disposar d\u2019una versi\u00f3 escrita del contingut parlat.<\/p>\n<p>Tamb\u00e9 pot tractar-se de la transcripci\u00f3 d\u2019un text en un suport (PDF o llibre impr\u00e8s) a un altre suport escrit (Word).<\/p>\n<p>La transcripci\u00f3 es pot fer paraula per paraula (\u00e9s a dir, de <strong>forma literal<\/strong>), o b\u00e9 el transcriptor pot millorar-ne certes parts per <strong>enriquir la lectura<\/strong> o adequar l\u2019estil.<\/p>\n<p>Aquest servei l\u2019ofereixo en catal\u00e0 i en castell\u00e0:<\/p>\n<ul>\n<li><strong>Transcripci\u00f3 de textos<\/strong>:\n<ul>\n<li>D\u2019\u00e0udio o v\u00eddeo a text.<\/li>\n<li>De PDF a Word.<\/li>\n<li>De llibre o publicaci\u00f3 impresa (sense versi\u00f3 digital) a Word o PDF.<\/li>\n<\/ul>\n<\/li>\n<\/ul>\n<h6><\/h6>\n<ul>\n<li><strong>Transcripci\u00f3 i adaptaci\u00f3 de textos antics<\/strong>. Consisteix a transcriure textos no normatius i adequar-los a la normativa i criteris d\u2019edici\u00f3 actuals.<\/li>\n<\/ul>\n","protected":false},"excerpt":{"rendered":"<p>Si tens un arxiu d\u2019\u00e0udio o v\u00eddeo i vols passar-lo a un format de text, aquest \u00e9s el servei que necessites.\u00a0La transcripci\u00f3 de textos consisteix a convertir la informaci\u00f3 oral en un format escrit, i implica escoltar l\u2019\u00e0udio i reproduir-lo [&hellip;]<\/p>\n","protected":false},"author":1,"featured_media":0,"parent":0,"menu_order":0,"comment_status":"closed","ping_status":"closed","template":"page-templates\/page_fullwidth.php","meta":{"footnotes":""},"class_list":["post-268","page","type-page","status-publish","hentry","clearfix"],"yoast_head":"<!-- This site is optimized with the Yoast SEO plugin v22.9 - https:\/\/yoast.com\/wordpress\/plugins\/seo\/ -->\n<title>Transcripci\u00f3 - Gemma Romeu i Punt\u00ed<\/title>\n<meta name=\"robots\" content=\"index, follow, max-snippet:-1, max-image-preview:large, max-video-preview:-1\" \/>\n<link rel=\"canonical\" href=\"https:\/\/gemmaromeu.com\/index.php\/transcripcio\/\" \/>\n<meta property=\"og:locale\" content=\"es_ES\" \/>\n<meta property=\"og:type\" content=\"article\" \/>\n<meta property=\"og:title\" content=\"Transcripci\u00f3 - Gemma Romeu i Punt\u00ed\" \/>\n<meta property=\"og:description\" content=\"Si tens un arxiu d\u2019\u00e0udio o v\u00eddeo i vols passar-lo a un format de text, aquest \u00e9s el servei que necessites.\u00a0La transcripci\u00f3 de textos consisteix a convertir la informaci\u00f3 oral en un format escrit, i implica escoltar l\u2019\u00e0udio i reproduir-lo [&hellip;]\" \/>\n<meta property=\"og:url\" content=\"https:\/\/gemmaromeu.com\/index.php\/transcripcio\/\" \/>\n<meta property=\"og:site_name\" content=\"Gemma Romeu i Punt\u00ed\" \/>\n<meta property=\"article:modified_time\" content=\"2024-01-19T11:22:57+00:00\" \/>\n<meta name=\"twitter:card\" content=\"summary_large_image\" \/>\n<meta name=\"twitter:label1\" content=\"Tiempo de lectura\" \/>\n\t<meta name=\"twitter:data1\" content=\"1 minuto\" \/>\n<script type=\"application\/ld+json\" class=\"yoast-schema-graph\">{\"@context\":\"https:\/\/schema.org\",\"@graph\":[{\"@type\":\"WebPage\",\"@id\":\"https:\/\/gemmaromeu.com\/index.php\/transcripcio\/\",\"url\":\"https:\/\/gemmaromeu.com\/index.php\/transcripcio\/\",\"name\":\"Transcripci\u00f3 - Gemma Romeu i Punt\u00ed\",\"isPartOf\":{\"@id\":\"https:\/\/gemmaromeu.com\/#website\"},\"datePublished\":\"2020-10-25T12:14:15+00:00\",\"dateModified\":\"2024-01-19T11:22:57+00:00\",\"breadcrumb\":{\"@id\":\"https:\/\/gemmaromeu.com\/index.php\/transcripcio\/#breadcrumb\"},\"inLanguage\":\"es\",\"potentialAction\":[{\"@type\":\"ReadAction\",\"target\":[\"https:\/\/gemmaromeu.com\/index.php\/transcripcio\/\"]}]},{\"@type\":\"BreadcrumbList\",\"@id\":\"https:\/\/gemmaromeu.com\/index.php\/transcripcio\/#breadcrumb\",\"itemListElement\":[{\"@type\":\"ListItem\",\"position\":1,\"name\":\"Portada\",\"item\":\"http:\/\/gemmaromeu.com\/\"},{\"@type\":\"ListItem\",\"position\":2,\"name\":\"Transcripci\u00f3\"}]},{\"@type\":\"WebSite\",\"@id\":\"https:\/\/gemmaromeu.com\/#website\",\"url\":\"https:\/\/gemmaromeu.com\/\",\"name\":\"Gemma Romeu i Punt\u00ed\",\"description\":\"correctora \u00b7 redactora \u00b7 traductora \u00b7 assessora ling\u00fc\u00edstica\",\"potentialAction\":[{\"@type\":\"SearchAction\",\"target\":{\"@type\":\"EntryPoint\",\"urlTemplate\":\"https:\/\/gemmaromeu.com\/?s={search_term_string}\"},\"query-input\":\"required name=search_term_string\"}],\"inLanguage\":\"es\"}]}<\/script>\n<!-- \/ Yoast SEO plugin. -->","yoast_head_json":{"title":"Transcripci\u00f3 - Gemma Romeu i Punt\u00ed","robots":{"index":"index","follow":"follow","max-snippet":"max-snippet:-1","max-image-preview":"max-image-preview:large","max-video-preview":"max-video-preview:-1"},"canonical":"https:\/\/gemmaromeu.com\/index.php\/transcripcio\/","og_locale":"es_ES","og_type":"article","og_title":"Transcripci\u00f3 - Gemma Romeu i Punt\u00ed","og_description":"Si tens un arxiu d\u2019\u00e0udio o v\u00eddeo i vols passar-lo a un format de text, aquest \u00e9s el servei que necessites.\u00a0La transcripci\u00f3 de textos consisteix a convertir la informaci\u00f3 oral en un format escrit, i implica escoltar l\u2019\u00e0udio i reproduir-lo [&hellip;]","og_url":"https:\/\/gemmaromeu.com\/index.php\/transcripcio\/","og_site_name":"Gemma Romeu i Punt\u00ed","article_modified_time":"2024-01-19T11:22:57+00:00","twitter_card":"summary_large_image","twitter_misc":{"Tiempo de lectura":"1 minuto"},"schema":{"@context":"https:\/\/schema.org","@graph":[{"@type":"WebPage","@id":"https:\/\/gemmaromeu.com\/index.php\/transcripcio\/","url":"https:\/\/gemmaromeu.com\/index.php\/transcripcio\/","name":"Transcripci\u00f3 - Gemma Romeu i Punt\u00ed","isPartOf":{"@id":"https:\/\/gemmaromeu.com\/#website"},"datePublished":"2020-10-25T12:14:15+00:00","dateModified":"2024-01-19T11:22:57+00:00","breadcrumb":{"@id":"https:\/\/gemmaromeu.com\/index.php\/transcripcio\/#breadcrumb"},"inLanguage":"es","potentialAction":[{"@type":"ReadAction","target":["https:\/\/gemmaromeu.com\/index.php\/transcripcio\/"]}]},{"@type":"BreadcrumbList","@id":"https:\/\/gemmaromeu.com\/index.php\/transcripcio\/#breadcrumb","itemListElement":[{"@type":"ListItem","position":1,"name":"Portada","item":"http:\/\/gemmaromeu.com\/"},{"@type":"ListItem","position":2,"name":"Transcripci\u00f3"}]},{"@type":"WebSite","@id":"https:\/\/gemmaromeu.com\/#website","url":"https:\/\/gemmaromeu.com\/","name":"Gemma Romeu i Punt\u00ed","description":"correctora \u00b7 redactora \u00b7 traductora \u00b7 assessora ling\u00fc\u00edstica","potentialAction":[{"@type":"SearchAction","target":{"@type":"EntryPoint","urlTemplate":"https:\/\/gemmaromeu.com\/?s={search_term_string}"},"query-input":"required name=search_term_string"}],"inLanguage":"es"}]}},"_links":{"self":[{"href":"https:\/\/gemmaromeu.com\/index.php\/wp-json\/wp\/v2\/pages\/268","targetHints":{"allow":["GET"]}}],"collection":[{"href":"https:\/\/gemmaromeu.com\/index.php\/wp-json\/wp\/v2\/pages"}],"about":[{"href":"https:\/\/gemmaromeu.com\/index.php\/wp-json\/wp\/v2\/types\/page"}],"author":[{"embeddable":true,"href":"https:\/\/gemmaromeu.com\/index.php\/wp-json\/wp\/v2\/users\/1"}],"replies":[{"embeddable":true,"href":"https:\/\/gemmaromeu.com\/index.php\/wp-json\/wp\/v2\/comments?post=268"}],"version-history":[{"count":6,"href":"https:\/\/gemmaromeu.com\/index.php\/wp-json\/wp\/v2\/pages\/268\/revisions"}],"predecessor-version":[{"id":855,"href":"https:\/\/gemmaromeu.com\/index.php\/wp-json\/wp\/v2\/pages\/268\/revisions\/855"}],"wp:attachment":[{"href":"https:\/\/gemmaromeu.com\/index.php\/wp-json\/wp\/v2\/media?parent=268"}],"curies":[{"name":"wp","href":"https:\/\/api.w.org\/{rel}","templated":true}]}}