{"id":264,"date":"2020-10-25T13:12:11","date_gmt":"2020-10-25T12:12:11","guid":{"rendered":"http:\/\/gemmaromeu.com\/?page_id=264"},"modified":"2024-01-19T11:57:12","modified_gmt":"2024-01-19T10:57:12","slug":"assessorament-literari","status":"publish","type":"page","link":"https:\/\/gemmaromeu.com\/index.php\/assessorament-literari\/","title":{"rendered":"Assessorament literari"},"content":{"rendered":"<p>Allibera la teva imaginaci\u00f3 amb un <strong>assessorament literari personalitzat<\/strong>. Si ets un autor o una autora amb una obra liter\u00e0ria entre mans, et brindo un acompanyament especialitzat.<\/p>\n<p>Aprofundir\u00e0s en la teva <strong>creativitat<\/strong> per obtenir un text ben plantejat, amb una narraci\u00f3 impecable i que comuniqui tot all\u00f2 que vols transmetre. Amb aquesta orientaci\u00f3, transformar\u00e0s les teves idees en narratives i personatges memorables.<\/p>\n<p>Tant si est\u00e0s treballant en una novel\u00b7la, en un conte o en un recull de poemes, t\u2019ajudo a explorar el teu <strong>potencial creatiu<\/strong> i a obrir-te cam\u00ed en el sector literari.<\/p>\n<p>En funci\u00f3 de <strong>l\u2019etapa de creaci\u00f3 liter\u00e0ria<\/strong> en qu\u00e8 et trobis, l\u2019assessorament pot incloure:<\/p>\n<ul>\n<li><strong>Informe de lectura<\/strong>. \u00c9s un informe en qu\u00e8, despr\u00e9s de llegir la teva obra, et proporciono una avaluaci\u00f3 detallada sobre els aspectes cr\u00edtics i en destaco els punts forts i les possibles millores per aconseguir la seva millor versi\u00f3.<\/li>\n<\/ul>\n<h6><\/h6>\n<ul>\n<li><strong>Elaboraci\u00f3 del dossier de presentaci\u00f3 d\u2019una obra liter\u00e0ria per a editorials<\/strong>. Consisteix en l\u2019elaboraci\u00f3 del projecte literari de la teva obra, pensat per captar l\u2019atenci\u00f3 dels editors i agents literaris. Inclou: fitxa t\u00e8cnica, resum argumental, proposta de sinopsi, punts forts de l\u2019obra i biografia de l\u2019autor\/a.<\/li>\n<\/ul>\n<h6><\/h6>\n<ul>\n<li><strong>Planificaci\u00f3 de novel\u00b7la o relat breu<\/strong>. T\u2019ajudo a establir una estructura s\u00f2lida per a la teva narrativa, i que alhora tingui coher\u00e8ncia i captivi des del primer par\u00e0graf fins a l\u2019\u00faltim.<\/li>\n<\/ul>\n<h6><\/h6>\n<ul>\n<li><strong>Construcci\u00f3 de personatges<\/strong>. Es tracta de desenvolupar personatges v\u00edvids i que deixin empremta, dotant-los de profunditat, motivacions i autenticitat per enriquir el relat.<\/li>\n<\/ul>\n<h6><\/h6>\n<ul>\n<li><strong>Creaci\u00f3 de trames<\/strong>. Col\u00b7laborem en la creaci\u00f3 de trames immersives i intrigants que aconsegueixin captar l\u2019atenci\u00f3 dels lectors.<\/li>\n<\/ul>\n<h6><\/h6>\n<ul>\n<li><strong>Documentaci\u00f3 de tem\u00e0tiques, llocs o \u00e8poques<\/strong>. Fem una investigaci\u00f3 exhaustiva per assegurar que la teva obra reflecteixi amb precisi\u00f3 el per\u00edode temporal i el context hist\u00f2ric en qu\u00e8 s\u2019emmarca l\u2019acci\u00f3.<\/li>\n<\/ul>\n<h6><\/h6>\n<ul>\n<li><strong>Assessorament per a la presentaci\u00f3 d\u2019obres a concursos literaris<\/strong>. T\u2019ofereixo consells estrat\u00e8gics i t\u00e8cnics per optimitzar les teves obres a l\u2019hora de presentar-les a concursos literaris, augmentant les oportunitats de reconeixement.<\/li>\n<\/ul>\n<p>&nbsp;<\/p>\n","protected":false},"excerpt":{"rendered":"<p>Allibera la teva imaginaci\u00f3 amb un assessorament literari personalitzat. Si ets un autor o una autora amb una obra liter\u00e0ria entre mans, et brindo un acompanyament especialitzat. Aprofundir\u00e0s en la teva creativitat per obtenir un text ben plantejat, amb una [&hellip;]<\/p>\n","protected":false},"author":1,"featured_media":0,"parent":0,"menu_order":0,"comment_status":"closed","ping_status":"closed","template":"page-templates\/page_fullwidth.php","meta":{"footnotes":""},"class_list":["post-264","page","type-page","status-publish","hentry","clearfix"],"yoast_head":"<!-- This site is optimized with the Yoast SEO plugin v22.9 - https:\/\/yoast.com\/wordpress\/plugins\/seo\/ -->\n<title>Assessorament literari - Gemma Romeu i Punt\u00ed<\/title>\n<meta name=\"robots\" content=\"index, follow, max-snippet:-1, max-image-preview:large, max-video-preview:-1\" \/>\n<link rel=\"canonical\" href=\"https:\/\/gemmaromeu.com\/index.php\/assessorament-literari\/\" \/>\n<meta property=\"og:locale\" content=\"es_ES\" \/>\n<meta property=\"og:type\" content=\"article\" \/>\n<meta property=\"og:title\" content=\"Assessorament literari - Gemma Romeu i Punt\u00ed\" \/>\n<meta property=\"og:description\" content=\"Allibera la teva imaginaci\u00f3 amb un assessorament literari personalitzat. Si ets un autor o una autora amb una obra liter\u00e0ria entre mans, et brindo un acompanyament especialitzat. Aprofundir\u00e0s en la teva creativitat per obtenir un text ben plantejat, amb una [&hellip;]\" \/>\n<meta property=\"og:url\" content=\"https:\/\/gemmaromeu.com\/index.php\/assessorament-literari\/\" \/>\n<meta property=\"og:site_name\" content=\"Gemma Romeu i Punt\u00ed\" \/>\n<meta property=\"article:modified_time\" content=\"2024-01-19T10:57:12+00:00\" \/>\n<meta name=\"twitter:card\" content=\"summary_large_image\" \/>\n<meta name=\"twitter:label1\" content=\"Tiempo de lectura\" \/>\n\t<meta name=\"twitter:data1\" content=\"2 minutos\" \/>\n<script type=\"application\/ld+json\" class=\"yoast-schema-graph\">{\"@context\":\"https:\/\/schema.org\",\"@graph\":[{\"@type\":\"WebPage\",\"@id\":\"https:\/\/gemmaromeu.com\/index.php\/assessorament-literari\/\",\"url\":\"https:\/\/gemmaromeu.com\/index.php\/assessorament-literari\/\",\"name\":\"Assessorament literari - Gemma Romeu i Punt\u00ed\",\"isPartOf\":{\"@id\":\"https:\/\/gemmaromeu.com\/#website\"},\"datePublished\":\"2020-10-25T12:12:11+00:00\",\"dateModified\":\"2024-01-19T10:57:12+00:00\",\"breadcrumb\":{\"@id\":\"https:\/\/gemmaromeu.com\/index.php\/assessorament-literari\/#breadcrumb\"},\"inLanguage\":\"es\",\"potentialAction\":[{\"@type\":\"ReadAction\",\"target\":[\"https:\/\/gemmaromeu.com\/index.php\/assessorament-literari\/\"]}]},{\"@type\":\"BreadcrumbList\",\"@id\":\"https:\/\/gemmaromeu.com\/index.php\/assessorament-literari\/#breadcrumb\",\"itemListElement\":[{\"@type\":\"ListItem\",\"position\":1,\"name\":\"Portada\",\"item\":\"http:\/\/gemmaromeu.com\/\"},{\"@type\":\"ListItem\",\"position\":2,\"name\":\"Assessorament literari\"}]},{\"@type\":\"WebSite\",\"@id\":\"https:\/\/gemmaromeu.com\/#website\",\"url\":\"https:\/\/gemmaromeu.com\/\",\"name\":\"Gemma Romeu i Punt\u00ed\",\"description\":\"correctora \u00b7 redactora \u00b7 traductora \u00b7 assessora ling\u00fc\u00edstica\",\"potentialAction\":[{\"@type\":\"SearchAction\",\"target\":{\"@type\":\"EntryPoint\",\"urlTemplate\":\"https:\/\/gemmaromeu.com\/?s={search_term_string}\"},\"query-input\":\"required name=search_term_string\"}],\"inLanguage\":\"es\"}]}<\/script>\n<!-- \/ Yoast SEO plugin. -->","yoast_head_json":{"title":"Assessorament literari - Gemma Romeu i Punt\u00ed","robots":{"index":"index","follow":"follow","max-snippet":"max-snippet:-1","max-image-preview":"max-image-preview:large","max-video-preview":"max-video-preview:-1"},"canonical":"https:\/\/gemmaromeu.com\/index.php\/assessorament-literari\/","og_locale":"es_ES","og_type":"article","og_title":"Assessorament literari - Gemma Romeu i Punt\u00ed","og_description":"Allibera la teva imaginaci\u00f3 amb un assessorament literari personalitzat. Si ets un autor o una autora amb una obra liter\u00e0ria entre mans, et brindo un acompanyament especialitzat. Aprofundir\u00e0s en la teva creativitat per obtenir un text ben plantejat, amb una [&hellip;]","og_url":"https:\/\/gemmaromeu.com\/index.php\/assessorament-literari\/","og_site_name":"Gemma Romeu i Punt\u00ed","article_modified_time":"2024-01-19T10:57:12+00:00","twitter_card":"summary_large_image","twitter_misc":{"Tiempo de lectura":"2 minutos"},"schema":{"@context":"https:\/\/schema.org","@graph":[{"@type":"WebPage","@id":"https:\/\/gemmaromeu.com\/index.php\/assessorament-literari\/","url":"https:\/\/gemmaromeu.com\/index.php\/assessorament-literari\/","name":"Assessorament literari - Gemma Romeu i Punt\u00ed","isPartOf":{"@id":"https:\/\/gemmaromeu.com\/#website"},"datePublished":"2020-10-25T12:12:11+00:00","dateModified":"2024-01-19T10:57:12+00:00","breadcrumb":{"@id":"https:\/\/gemmaromeu.com\/index.php\/assessorament-literari\/#breadcrumb"},"inLanguage":"es","potentialAction":[{"@type":"ReadAction","target":["https:\/\/gemmaromeu.com\/index.php\/assessorament-literari\/"]}]},{"@type":"BreadcrumbList","@id":"https:\/\/gemmaromeu.com\/index.php\/assessorament-literari\/#breadcrumb","itemListElement":[{"@type":"ListItem","position":1,"name":"Portada","item":"http:\/\/gemmaromeu.com\/"},{"@type":"ListItem","position":2,"name":"Assessorament literari"}]},{"@type":"WebSite","@id":"https:\/\/gemmaromeu.com\/#website","url":"https:\/\/gemmaromeu.com\/","name":"Gemma Romeu i Punt\u00ed","description":"correctora \u00b7 redactora \u00b7 traductora \u00b7 assessora ling\u00fc\u00edstica","potentialAction":[{"@type":"SearchAction","target":{"@type":"EntryPoint","urlTemplate":"https:\/\/gemmaromeu.com\/?s={search_term_string}"},"query-input":"required name=search_term_string"}],"inLanguage":"es"}]}},"_links":{"self":[{"href":"https:\/\/gemmaromeu.com\/index.php\/wp-json\/wp\/v2\/pages\/264","targetHints":{"allow":["GET"]}}],"collection":[{"href":"https:\/\/gemmaromeu.com\/index.php\/wp-json\/wp\/v2\/pages"}],"about":[{"href":"https:\/\/gemmaromeu.com\/index.php\/wp-json\/wp\/v2\/types\/page"}],"author":[{"embeddable":true,"href":"https:\/\/gemmaromeu.com\/index.php\/wp-json\/wp\/v2\/users\/1"}],"replies":[{"embeddable":true,"href":"https:\/\/gemmaromeu.com\/index.php\/wp-json\/wp\/v2\/comments?post=264"}],"version-history":[{"count":5,"href":"https:\/\/gemmaromeu.com\/index.php\/wp-json\/wp\/v2\/pages\/264\/revisions"}],"predecessor-version":[{"id":852,"href":"https:\/\/gemmaromeu.com\/index.php\/wp-json\/wp\/v2\/pages\/264\/revisions\/852"}],"wp:attachment":[{"href":"https:\/\/gemmaromeu.com\/index.php\/wp-json\/wp\/v2\/media?parent=264"}],"curies":[{"name":"wp","href":"https:\/\/api.w.org\/{rel}","templated":true}]}}