{"id":251,"date":"2020-10-25T13:02:39","date_gmt":"2020-10-25T12:02:39","guid":{"rendered":"http:\/\/gemmaromeu.com\/?page_id=251"},"modified":"2024-01-19T09:59:29","modified_gmt":"2024-01-19T08:59:29","slug":"redaccio","status":"publish","type":"page","link":"https:\/\/gemmaromeu.com\/index.php\/redaccio\/","title":{"rendered":"Redacci\u00f3"},"content":{"rendered":"<p>El servei de redacci\u00f3 \u00e9s un camp de treball en qu\u00e8 els <strong>escriptors professionals<\/strong> i els <strong>creadors de contingut<\/strong> elaboren materials escrits segons un prop\u00f2sit o unes especificacions.<\/p>\n<p>Aix\u00f2 engloba <strong>diversos \u00e0mbits<\/strong>, tant l\u2019escriptura de llibres i obres liter\u00e0ries com guions cinematogr\u00e0fics, articles per a blogs, continguts per a p\u00e0gines web, not\u00edcies period\u00edstiques, comunicats de premsa i ressenyes, descripcions de productes, i fins i tot exposicions orals i treballs acad\u00e8mics o d\u2019investigaci\u00f3, entre d&#8217;altres.<\/p>\n<p>En el meu cas, els <strong>serveis de redacci\u00f3<\/strong> que ofereixo s\u00f3n els seg\u00fcents:<\/p>\n<ul>\n<li><strong>Redacci\u00f3 d\u2019obres liter\u00e0ries<\/strong>:\n<ul>\n<li><em>De ficci\u00f3<\/em>: relat breu, novel\u00b7la i poesia.<\/li>\n<li><em>De no-ficci\u00f3<\/em>: assaig.<\/li>\n<\/ul>\n<\/li>\n<\/ul>\n<ul>\n<li><strong>Redacci\u00f3 de textos period\u00edstics<\/strong>: not\u00edcies, notes de premsa, articles, etc.<\/li>\n<li><strong>Redacci\u00f3 de contingut digital<\/strong>: textos publicitaris o comercials (<em>copywriting<\/em>).<\/li>\n<li><strong>Redacci\u00f3 de textos acad\u00e8mics<\/strong>: llibres de text o did\u00e0ctics, recerques, bibliografies, etc.<\/li>\n<li><strong>Altres<\/strong>: redacci\u00f3 de presentacions, resums, llistats, documents d\u2019empresa, textos corporatius, etc.<\/li>\n<\/ul>\n","protected":false},"excerpt":{"rendered":"<p>El servei de redacci\u00f3 \u00e9s un camp de treball en qu\u00e8 els escriptors professionals i els creadors de contingut elaboren materials escrits segons un prop\u00f2sit o unes especificacions. Aix\u00f2 engloba diversos \u00e0mbits, tant l\u2019escriptura de llibres i obres liter\u00e0ries com [&hellip;]<\/p>\n","protected":false},"author":1,"featured_media":0,"parent":0,"menu_order":0,"comment_status":"closed","ping_status":"closed","template":"page-templates\/page_fullwidth.php","meta":{"footnotes":""},"class_list":["post-251","page","type-page","status-publish","hentry","clearfix"],"yoast_head":"<!-- This site is optimized with the Yoast SEO plugin v22.9 - https:\/\/yoast.com\/wordpress\/plugins\/seo\/ -->\n<title>Redacci\u00f3 - Gemma Romeu i Punt\u00ed<\/title>\n<meta name=\"robots\" content=\"index, follow, max-snippet:-1, max-image-preview:large, max-video-preview:-1\" \/>\n<link rel=\"canonical\" href=\"https:\/\/gemmaromeu.com\/index.php\/redaccio\/\" \/>\n<meta property=\"og:locale\" content=\"es_ES\" \/>\n<meta property=\"og:type\" content=\"article\" \/>\n<meta property=\"og:title\" content=\"Redacci\u00f3 - Gemma Romeu i Punt\u00ed\" \/>\n<meta property=\"og:description\" content=\"El servei de redacci\u00f3 \u00e9s un camp de treball en qu\u00e8 els escriptors professionals i els creadors de contingut elaboren materials escrits segons un prop\u00f2sit o unes especificacions. Aix\u00f2 engloba diversos \u00e0mbits, tant l\u2019escriptura de llibres i obres liter\u00e0ries com [&hellip;]\" \/>\n<meta property=\"og:url\" content=\"https:\/\/gemmaromeu.com\/index.php\/redaccio\/\" \/>\n<meta property=\"og:site_name\" content=\"Gemma Romeu i Punt\u00ed\" \/>\n<meta property=\"article:modified_time\" content=\"2024-01-19T08:59:29+00:00\" \/>\n<meta name=\"twitter:card\" content=\"summary_large_image\" \/>\n<meta name=\"twitter:label1\" content=\"Tiempo de lectura\" \/>\n\t<meta name=\"twitter:data1\" content=\"1 minuto\" \/>\n<script type=\"application\/ld+json\" class=\"yoast-schema-graph\">{\"@context\":\"https:\/\/schema.org\",\"@graph\":[{\"@type\":\"WebPage\",\"@id\":\"https:\/\/gemmaromeu.com\/index.php\/redaccio\/\",\"url\":\"https:\/\/gemmaromeu.com\/index.php\/redaccio\/\",\"name\":\"Redacci\u00f3 - Gemma Romeu i Punt\u00ed\",\"isPartOf\":{\"@id\":\"https:\/\/gemmaromeu.com\/#website\"},\"datePublished\":\"2020-10-25T12:02:39+00:00\",\"dateModified\":\"2024-01-19T08:59:29+00:00\",\"breadcrumb\":{\"@id\":\"https:\/\/gemmaromeu.com\/index.php\/redaccio\/#breadcrumb\"},\"inLanguage\":\"es\",\"potentialAction\":[{\"@type\":\"ReadAction\",\"target\":[\"https:\/\/gemmaromeu.com\/index.php\/redaccio\/\"]}]},{\"@type\":\"BreadcrumbList\",\"@id\":\"https:\/\/gemmaromeu.com\/index.php\/redaccio\/#breadcrumb\",\"itemListElement\":[{\"@type\":\"ListItem\",\"position\":1,\"name\":\"Portada\",\"item\":\"http:\/\/gemmaromeu.com\/\"},{\"@type\":\"ListItem\",\"position\":2,\"name\":\"Redacci\u00f3\"}]},{\"@type\":\"WebSite\",\"@id\":\"https:\/\/gemmaromeu.com\/#website\",\"url\":\"https:\/\/gemmaromeu.com\/\",\"name\":\"Gemma Romeu i Punt\u00ed\",\"description\":\"correctora \u00b7 redactora \u00b7 traductora \u00b7 assessora ling\u00fc\u00edstica\",\"potentialAction\":[{\"@type\":\"SearchAction\",\"target\":{\"@type\":\"EntryPoint\",\"urlTemplate\":\"https:\/\/gemmaromeu.com\/?s={search_term_string}\"},\"query-input\":\"required name=search_term_string\"}],\"inLanguage\":\"es\"}]}<\/script>\n<!-- \/ Yoast SEO plugin. -->","yoast_head_json":{"title":"Redacci\u00f3 - Gemma Romeu i Punt\u00ed","robots":{"index":"index","follow":"follow","max-snippet":"max-snippet:-1","max-image-preview":"max-image-preview:large","max-video-preview":"max-video-preview:-1"},"canonical":"https:\/\/gemmaromeu.com\/index.php\/redaccio\/","og_locale":"es_ES","og_type":"article","og_title":"Redacci\u00f3 - Gemma Romeu i Punt\u00ed","og_description":"El servei de redacci\u00f3 \u00e9s un camp de treball en qu\u00e8 els escriptors professionals i els creadors de contingut elaboren materials escrits segons un prop\u00f2sit o unes especificacions. Aix\u00f2 engloba diversos \u00e0mbits, tant l\u2019escriptura de llibres i obres liter\u00e0ries com [&hellip;]","og_url":"https:\/\/gemmaromeu.com\/index.php\/redaccio\/","og_site_name":"Gemma Romeu i Punt\u00ed","article_modified_time":"2024-01-19T08:59:29+00:00","twitter_card":"summary_large_image","twitter_misc":{"Tiempo de lectura":"1 minuto"},"schema":{"@context":"https:\/\/schema.org","@graph":[{"@type":"WebPage","@id":"https:\/\/gemmaromeu.com\/index.php\/redaccio\/","url":"https:\/\/gemmaromeu.com\/index.php\/redaccio\/","name":"Redacci\u00f3 - Gemma Romeu i Punt\u00ed","isPartOf":{"@id":"https:\/\/gemmaromeu.com\/#website"},"datePublished":"2020-10-25T12:02:39+00:00","dateModified":"2024-01-19T08:59:29+00:00","breadcrumb":{"@id":"https:\/\/gemmaromeu.com\/index.php\/redaccio\/#breadcrumb"},"inLanguage":"es","potentialAction":[{"@type":"ReadAction","target":["https:\/\/gemmaromeu.com\/index.php\/redaccio\/"]}]},{"@type":"BreadcrumbList","@id":"https:\/\/gemmaromeu.com\/index.php\/redaccio\/#breadcrumb","itemListElement":[{"@type":"ListItem","position":1,"name":"Portada","item":"http:\/\/gemmaromeu.com\/"},{"@type":"ListItem","position":2,"name":"Redacci\u00f3"}]},{"@type":"WebSite","@id":"https:\/\/gemmaromeu.com\/#website","url":"https:\/\/gemmaromeu.com\/","name":"Gemma Romeu i Punt\u00ed","description":"correctora \u00b7 redactora \u00b7 traductora \u00b7 assessora ling\u00fc\u00edstica","potentialAction":[{"@type":"SearchAction","target":{"@type":"EntryPoint","urlTemplate":"https:\/\/gemmaromeu.com\/?s={search_term_string}"},"query-input":"required name=search_term_string"}],"inLanguage":"es"}]}},"_links":{"self":[{"href":"https:\/\/gemmaromeu.com\/index.php\/wp-json\/wp\/v2\/pages\/251","targetHints":{"allow":["GET"]}}],"collection":[{"href":"https:\/\/gemmaromeu.com\/index.php\/wp-json\/wp\/v2\/pages"}],"about":[{"href":"https:\/\/gemmaromeu.com\/index.php\/wp-json\/wp\/v2\/types\/page"}],"author":[{"embeddable":true,"href":"https:\/\/gemmaromeu.com\/index.php\/wp-json\/wp\/v2\/users\/1"}],"replies":[{"embeddable":true,"href":"https:\/\/gemmaromeu.com\/index.php\/wp-json\/wp\/v2\/comments?post=251"}],"version-history":[{"count":9,"href":"https:\/\/gemmaromeu.com\/index.php\/wp-json\/wp\/v2\/pages\/251\/revisions"}],"predecessor-version":[{"id":837,"href":"https:\/\/gemmaromeu.com\/index.php\/wp-json\/wp\/v2\/pages\/251\/revisions\/837"}],"wp:attachment":[{"href":"https:\/\/gemmaromeu.com\/index.php\/wp-json\/wp\/v2\/media?parent=251"}],"curies":[{"name":"wp","href":"https:\/\/api.w.org\/{rel}","templated":true}]}}