{"id":246,"date":"2020-10-25T12:59:35","date_gmt":"2020-10-25T11:59:35","guid":{"rendered":"http:\/\/gemmaromeu.com\/?page_id=246"},"modified":"2024-01-18T13:25:57","modified_gmt":"2024-01-18T12:25:57","slug":"traduccio","status":"publish","type":"page","link":"https:\/\/gemmaromeu.com\/index.php\/traduccio\/","title":{"rendered":"Traducci\u00f3"},"content":{"rendered":"<p>Sempre \u00e9s recomanable contractar els serveis d\u2019una <strong>traductora professional<\/strong>, i encara m\u00e9s si es tracta d\u2019una traductora nativa especialista i amb una <strong>formaci\u00f3 s\u00f2lida<\/strong> de l\u2019idioma, tant d\u2019origen com de dest\u00ed.<\/p>\n<p>En el meu cas, les combinacions amb les quals treballo s\u00f3n:<\/p>\n<ul>\n<li>Del <strong>catal\u00e0<\/strong> al <strong>castell\u00e0<\/strong>.<\/li>\n<li>Del <b>castell\u00e0 <\/b>al <strong>catal\u00e0<\/strong>.<\/li>\n<li>De l&#8217;<strong>angl\u00e8s<\/strong><b>\u00a0<\/b>al <strong>catal\u00e0<\/strong> i al<strong> castell\u00e0<\/strong>.<\/li>\n<\/ul>\n<p>Les meves \u00e0rees d\u2019especialitzaci\u00f3 s\u00f3n sobretot <strong>traducci\u00f3 liter\u00e0ria <\/strong>i de<strong> textos generals<\/strong>, aix\u00ed com <strong>cultura<\/strong> i <strong>entreteniment<\/strong> (cinema, teatre i s\u00e8ries) i <strong>m\u00e0rqueting digital<\/strong>.<\/p>\n<p>Per a traducci\u00f3 de textos <strong>d\u2019\u00e0mbit cient\u00edfic<\/strong>, m\u00e8dic, tecnol\u00f2gic o jur\u00eddic, caldr\u00e0 una consulta.<\/p>\n","protected":false},"excerpt":{"rendered":"<p>Sempre \u00e9s recomanable contractar els serveis d\u2019una traductora professional, i encara m\u00e9s si es tracta d\u2019una traductora nativa especialista i amb una formaci\u00f3 s\u00f2lida de l\u2019idioma, tant d\u2019origen com de dest\u00ed. En el meu cas, les combinacions amb les quals [&hellip;]<\/p>\n","protected":false},"author":1,"featured_media":0,"parent":0,"menu_order":0,"comment_status":"closed","ping_status":"closed","template":"page-templates\/page_fullwidth.php","meta":{"footnotes":""},"class_list":["post-246","page","type-page","status-publish","hentry","clearfix"],"yoast_head":"<!-- This site is optimized with the Yoast SEO plugin v22.9 - https:\/\/yoast.com\/wordpress\/plugins\/seo\/ -->\n<title>Traducci\u00f3 - Gemma Romeu i Punt\u00ed<\/title>\n<meta name=\"robots\" content=\"index, follow, max-snippet:-1, max-image-preview:large, max-video-preview:-1\" \/>\n<link rel=\"canonical\" href=\"https:\/\/gemmaromeu.com\/index.php\/traduccio\/\" \/>\n<meta property=\"og:locale\" content=\"es_ES\" \/>\n<meta property=\"og:type\" content=\"article\" \/>\n<meta property=\"og:title\" content=\"Traducci\u00f3 - Gemma Romeu i Punt\u00ed\" \/>\n<meta property=\"og:description\" content=\"Sempre \u00e9s recomanable contractar els serveis d\u2019una traductora professional, i encara m\u00e9s si es tracta d\u2019una traductora nativa especialista i amb una formaci\u00f3 s\u00f2lida de l\u2019idioma, tant d\u2019origen com de dest\u00ed. En el meu cas, les combinacions amb les quals [&hellip;]\" \/>\n<meta property=\"og:url\" content=\"https:\/\/gemmaromeu.com\/index.php\/traduccio\/\" \/>\n<meta property=\"og:site_name\" content=\"Gemma Romeu i Punt\u00ed\" \/>\n<meta property=\"article:modified_time\" content=\"2024-01-18T12:25:57+00:00\" \/>\n<meta name=\"twitter:card\" content=\"summary_large_image\" \/>\n<meta name=\"twitter:label1\" content=\"Tiempo de lectura\" \/>\n\t<meta name=\"twitter:data1\" content=\"1 minuto\" \/>\n<script type=\"application\/ld+json\" class=\"yoast-schema-graph\">{\"@context\":\"https:\/\/schema.org\",\"@graph\":[{\"@type\":\"WebPage\",\"@id\":\"https:\/\/gemmaromeu.com\/index.php\/traduccio\/\",\"url\":\"https:\/\/gemmaromeu.com\/index.php\/traduccio\/\",\"name\":\"Traducci\u00f3 - Gemma Romeu i Punt\u00ed\",\"isPartOf\":{\"@id\":\"https:\/\/gemmaromeu.com\/#website\"},\"datePublished\":\"2020-10-25T11:59:35+00:00\",\"dateModified\":\"2024-01-18T12:25:57+00:00\",\"breadcrumb\":{\"@id\":\"https:\/\/gemmaromeu.com\/index.php\/traduccio\/#breadcrumb\"},\"inLanguage\":\"es\",\"potentialAction\":[{\"@type\":\"ReadAction\",\"target\":[\"https:\/\/gemmaromeu.com\/index.php\/traduccio\/\"]}]},{\"@type\":\"BreadcrumbList\",\"@id\":\"https:\/\/gemmaromeu.com\/index.php\/traduccio\/#breadcrumb\",\"itemListElement\":[{\"@type\":\"ListItem\",\"position\":1,\"name\":\"Portada\",\"item\":\"http:\/\/gemmaromeu.com\/\"},{\"@type\":\"ListItem\",\"position\":2,\"name\":\"Traducci\u00f3\"}]},{\"@type\":\"WebSite\",\"@id\":\"https:\/\/gemmaromeu.com\/#website\",\"url\":\"https:\/\/gemmaromeu.com\/\",\"name\":\"Gemma Romeu i Punt\u00ed\",\"description\":\"correctora \u00b7 redactora \u00b7 traductora \u00b7 assessora ling\u00fc\u00edstica\",\"potentialAction\":[{\"@type\":\"SearchAction\",\"target\":{\"@type\":\"EntryPoint\",\"urlTemplate\":\"https:\/\/gemmaromeu.com\/?s={search_term_string}\"},\"query-input\":\"required name=search_term_string\"}],\"inLanguage\":\"es\"}]}<\/script>\n<!-- \/ Yoast SEO plugin. -->","yoast_head_json":{"title":"Traducci\u00f3 - Gemma Romeu i Punt\u00ed","robots":{"index":"index","follow":"follow","max-snippet":"max-snippet:-1","max-image-preview":"max-image-preview:large","max-video-preview":"max-video-preview:-1"},"canonical":"https:\/\/gemmaromeu.com\/index.php\/traduccio\/","og_locale":"es_ES","og_type":"article","og_title":"Traducci\u00f3 - Gemma Romeu i Punt\u00ed","og_description":"Sempre \u00e9s recomanable contractar els serveis d\u2019una traductora professional, i encara m\u00e9s si es tracta d\u2019una traductora nativa especialista i amb una formaci\u00f3 s\u00f2lida de l\u2019idioma, tant d\u2019origen com de dest\u00ed. En el meu cas, les combinacions amb les quals [&hellip;]","og_url":"https:\/\/gemmaromeu.com\/index.php\/traduccio\/","og_site_name":"Gemma Romeu i Punt\u00ed","article_modified_time":"2024-01-18T12:25:57+00:00","twitter_card":"summary_large_image","twitter_misc":{"Tiempo de lectura":"1 minuto"},"schema":{"@context":"https:\/\/schema.org","@graph":[{"@type":"WebPage","@id":"https:\/\/gemmaromeu.com\/index.php\/traduccio\/","url":"https:\/\/gemmaromeu.com\/index.php\/traduccio\/","name":"Traducci\u00f3 - Gemma Romeu i Punt\u00ed","isPartOf":{"@id":"https:\/\/gemmaromeu.com\/#website"},"datePublished":"2020-10-25T11:59:35+00:00","dateModified":"2024-01-18T12:25:57+00:00","breadcrumb":{"@id":"https:\/\/gemmaromeu.com\/index.php\/traduccio\/#breadcrumb"},"inLanguage":"es","potentialAction":[{"@type":"ReadAction","target":["https:\/\/gemmaromeu.com\/index.php\/traduccio\/"]}]},{"@type":"BreadcrumbList","@id":"https:\/\/gemmaromeu.com\/index.php\/traduccio\/#breadcrumb","itemListElement":[{"@type":"ListItem","position":1,"name":"Portada","item":"http:\/\/gemmaromeu.com\/"},{"@type":"ListItem","position":2,"name":"Traducci\u00f3"}]},{"@type":"WebSite","@id":"https:\/\/gemmaromeu.com\/#website","url":"https:\/\/gemmaromeu.com\/","name":"Gemma Romeu i Punt\u00ed","description":"correctora \u00b7 redactora \u00b7 traductora \u00b7 assessora ling\u00fc\u00edstica","potentialAction":[{"@type":"SearchAction","target":{"@type":"EntryPoint","urlTemplate":"https:\/\/gemmaromeu.com\/?s={search_term_string}"},"query-input":"required name=search_term_string"}],"inLanguage":"es"}]}},"_links":{"self":[{"href":"https:\/\/gemmaromeu.com\/index.php\/wp-json\/wp\/v2\/pages\/246","targetHints":{"allow":["GET"]}}],"collection":[{"href":"https:\/\/gemmaromeu.com\/index.php\/wp-json\/wp\/v2\/pages"}],"about":[{"href":"https:\/\/gemmaromeu.com\/index.php\/wp-json\/wp\/v2\/types\/page"}],"author":[{"embeddable":true,"href":"https:\/\/gemmaromeu.com\/index.php\/wp-json\/wp\/v2\/users\/1"}],"replies":[{"embeddable":true,"href":"https:\/\/gemmaromeu.com\/index.php\/wp-json\/wp\/v2\/comments?post=246"}],"version-history":[{"count":4,"href":"https:\/\/gemmaromeu.com\/index.php\/wp-json\/wp\/v2\/pages\/246\/revisions"}],"predecessor-version":[{"id":827,"href":"https:\/\/gemmaromeu.com\/index.php\/wp-json\/wp\/v2\/pages\/246\/revisions\/827"}],"wp:attachment":[{"href":"https:\/\/gemmaromeu.com\/index.php\/wp-json\/wp\/v2\/media?parent=246"}],"curies":[{"name":"wp","href":"https:\/\/api.w.org\/{rel}","templated":true}]}}