{"id":215,"date":"2020-10-25T11:37:54","date_gmt":"2020-10-25T10:37:54","guid":{"rendered":"http:\/\/gemmaromeu.com\/?page_id=215"},"modified":"2024-01-19T12:56:48","modified_gmt":"2024-01-19T11:56:48","slug":"contacte","status":"publish","type":"page","link":"https:\/\/gemmaromeu.com\/index.php\/contacte\/","title":{"rendered":"Contacte"},"content":{"rendered":"<p>Els dubtes es resolen preguntant-los! Estic encantada d&#8217;escoltar-te i col\u00b7laborar en la materialitzaci\u00f3 de les teves idees.<\/p>\n<p>Si tens qualsevol consulta, ja sigui per a un projecte de correcci\u00f3, traducci\u00f3 o assessorament, <strong>fes-me arribar el teu missatge<\/strong>.<\/p>\n<p>Gr\u00e0cies per considerar-me la teva aliada en el m\u00f3n de les paraules!<\/p>\n<p>&nbsp;<\/p>\n<h3>NECESSITES UN PRESSUPOST?<\/h3>\n<p>Sol\u00b7licita&#8217;l sense cap comprom\u00eds.<\/p>\n<p>&nbsp;<\/p>\n<div class=\"wrc-column-grid wrc-column-grid-3\">\n<div  class=\"wrc-column wrc-column-width-1 wrc-column-start\" >\n<p><a href=\"http:\/\/gemmaromeu.com\/index.php\/contacte\/bombilla\/\" rel=\"attachment wp-att-769\"><img loading=\"lazy\" decoding=\"async\" class=\"aligncenter wp-image-769\" src=\"http:\/\/gemmaromeu.com\/wp-content\/uploads\/2022\/02\/bombilla-300x300.png\" alt=\"\" width=\"70\" height=\"70\" srcset=\"https:\/\/gemmaromeu.com\/wp-content\/uploads\/2022\/02\/bombilla-300x300.png 300w, https:\/\/gemmaromeu.com\/wp-content\/uploads\/2022\/02\/bombilla-150x150.png 150w, https:\/\/gemmaromeu.com\/wp-content\/uploads\/2022\/02\/bombilla-360x360.png 360w, https:\/\/gemmaromeu.com\/wp-content\/uploads\/2022\/02\/bombilla-250x250.png 250w, https:\/\/gemmaromeu.com\/wp-content\/uploads\/2022\/02\/bombilla-100x100.png 100w, https:\/\/gemmaromeu.com\/wp-content\/uploads\/2022\/02\/bombilla.png 512w\" sizes=\"auto, (max-width: 70px) 100vw, 70px\" \/><\/a><\/p>\n<p style=\"text-align: center;\"><strong>1. M&#8217;expliques el projecte.<\/strong><\/p>\n<\/div>\n<div  class=\"wrc-column wrc-column-width-1\" >\n<p><a href=\"http:\/\/gemmaromeu.com\/index.php\/contacte\/comprobado\/\" rel=\"attachment wp-att-768\"><img loading=\"lazy\" decoding=\"async\" class=\"aligncenter wp-image-768\" src=\"http:\/\/gemmaromeu.com\/wp-content\/uploads\/2022\/02\/comprobado-300x300.png\" alt=\"\" width=\"70\" height=\"70\" srcset=\"https:\/\/gemmaromeu.com\/wp-content\/uploads\/2022\/02\/comprobado-300x300.png 300w, https:\/\/gemmaromeu.com\/wp-content\/uploads\/2022\/02\/comprobado-150x150.png 150w, https:\/\/gemmaromeu.com\/wp-content\/uploads\/2022\/02\/comprobado-360x360.png 360w, https:\/\/gemmaromeu.com\/wp-content\/uploads\/2022\/02\/comprobado-250x250.png 250w, https:\/\/gemmaromeu.com\/wp-content\/uploads\/2022\/02\/comprobado-100x100.png 100w, https:\/\/gemmaromeu.com\/wp-content\/uploads\/2022\/02\/comprobado.png 512w\" sizes=\"auto, (max-width: 70px) 100vw, 70px\" \/><\/a><\/p>\n<p style=\"text-align: center;\"><strong>2. Ho valoro i ho analitzo.<\/strong><\/p>\n<\/div>\n<div  class=\"wrc-column wrc-column-width-1\" >\n<p><a href=\"http:\/\/gemmaromeu.com\/index.php\/contacte\/apreton-de-manos-2\/\" rel=\"attachment wp-att-767\"><img loading=\"lazy\" decoding=\"async\" class=\"aligncenter wp-image-767\" src=\"http:\/\/gemmaromeu.com\/wp-content\/uploads\/2022\/02\/apreton-de-manos-300x300.png\" alt=\"\" width=\"70\" height=\"70\" srcset=\"https:\/\/gemmaromeu.com\/wp-content\/uploads\/2022\/02\/apreton-de-manos-300x300.png 300w, https:\/\/gemmaromeu.com\/wp-content\/uploads\/2022\/02\/apreton-de-manos-150x150.png 150w, https:\/\/gemmaromeu.com\/wp-content\/uploads\/2022\/02\/apreton-de-manos-360x360.png 360w, https:\/\/gemmaromeu.com\/wp-content\/uploads\/2022\/02\/apreton-de-manos-250x250.png 250w, https:\/\/gemmaromeu.com\/wp-content\/uploads\/2022\/02\/apreton-de-manos-100x100.png 100w, https:\/\/gemmaromeu.com\/wp-content\/uploads\/2022\/02\/apreton-de-manos.png 512w\" sizes=\"auto, (max-width: 70px) 100vw, 70px\" \/><\/a><\/p>\n<p style=\"text-align: center;\"><strong>3. Acordem preu i termini.<\/strong><\/p>\n<\/div>\n<p>&nbsp;<\/p>\n<p><strong>Contacta amb mi a trav\u00e9s del correu i explica\u2019m qu\u00e8 necessites.\u00a0<\/strong><\/p>\n<p><img loading=\"lazy\" decoding=\"async\" class=\" wp-image-439 alignleft\" src=\"http:\/\/gemmaromeu.com\/wp-content\/uploads\/2020\/11\/email-300x300.png\" alt=\"\" width=\"25\" height=\"25\" srcset=\"https:\/\/gemmaromeu.com\/wp-content\/uploads\/2020\/11\/email-300x300.png 300w, https:\/\/gemmaromeu.com\/wp-content\/uploads\/2020\/11\/email-150x150.png 150w, https:\/\/gemmaromeu.com\/wp-content\/uploads\/2020\/11\/email-360x360.png 360w, https:\/\/gemmaromeu.com\/wp-content\/uploads\/2020\/11\/email-250x250.png 250w, https:\/\/gemmaromeu.com\/wp-content\/uploads\/2020\/11\/email-100x100.png 100w, https:\/\/gemmaromeu.com\/wp-content\/uploads\/2020\/11\/email.png 512w\" sizes=\"auto, (max-width: 25px) 100vw, 25px\" \/><strong><a href=\"mailto:info@gemmaromeu.com\">info@gemmaromeu.com<\/a><\/strong><\/p>\n<p>&nbsp;<\/p>\n<p>A sota trobar\u00e0s les meves <strong>xarxes socials<\/strong>, on pot seguir-me per estar al dia de la meva activitat i de tots els meus projectes professionals i literaris.<\/p>\n","protected":false},"excerpt":{"rendered":"<p>Els dubtes es resolen preguntant-los! Estic encantada d&#8217;escoltar-te i col\u00b7laborar en la materialitzaci\u00f3 de les teves idees. Si tens qualsevol consulta, ja sigui per a un projecte de correcci\u00f3, traducci\u00f3 o assessorament, fes-me arribar el teu missatge. Gr\u00e0cies per considerar-me [&hellip;]<\/p>\n","protected":false},"author":1,"featured_media":0,"parent":0,"menu_order":0,"comment_status":"closed","ping_status":"closed","template":"page-templates\/page_fullwidth.php","meta":{"footnotes":""},"class_list":["post-215","page","type-page","status-publish","hentry","clearfix"],"yoast_head":"<!-- This site is optimized with the Yoast SEO plugin v22.9 - https:\/\/yoast.com\/wordpress\/plugins\/seo\/ -->\n<title>Contacte - Gemma Romeu i Punt\u00ed<\/title>\n<meta name=\"robots\" content=\"index, follow, max-snippet:-1, max-image-preview:large, max-video-preview:-1\" \/>\n<link rel=\"canonical\" href=\"https:\/\/gemmaromeu.com\/index.php\/contacte\/\" \/>\n<meta property=\"og:locale\" content=\"es_ES\" \/>\n<meta property=\"og:type\" content=\"article\" \/>\n<meta property=\"og:title\" content=\"Contacte - Gemma Romeu i Punt\u00ed\" \/>\n<meta property=\"og:description\" content=\"Els dubtes es resolen preguntant-los! Estic encantada d&#8217;escoltar-te i col\u00b7laborar en la materialitzaci\u00f3 de les teves idees. Si tens qualsevol consulta, ja sigui per a un projecte de correcci\u00f3, traducci\u00f3 o assessorament, fes-me arribar el teu missatge. Gr\u00e0cies per considerar-me [&hellip;]\" \/>\n<meta property=\"og:url\" content=\"https:\/\/gemmaromeu.com\/index.php\/contacte\/\" \/>\n<meta property=\"og:site_name\" content=\"Gemma Romeu i Punt\u00ed\" \/>\n<meta property=\"article:modified_time\" content=\"2024-01-19T11:56:48+00:00\" \/>\n<meta property=\"og:image\" content=\"http:\/\/gemmaromeu.com\/wp-content\/uploads\/2022\/02\/bombilla-300x300.png\" \/>\n<meta name=\"twitter:card\" content=\"summary_large_image\" \/>\n<meta name=\"twitter:label1\" content=\"Tiempo de lectura\" \/>\n\t<meta name=\"twitter:data1\" content=\"2 minutos\" \/>\n<script type=\"application\/ld+json\" class=\"yoast-schema-graph\">{\"@context\":\"https:\/\/schema.org\",\"@graph\":[{\"@type\":\"WebPage\",\"@id\":\"https:\/\/gemmaromeu.com\/index.php\/contacte\/\",\"url\":\"https:\/\/gemmaromeu.com\/index.php\/contacte\/\",\"name\":\"Contacte - Gemma Romeu i Punt\u00ed\",\"isPartOf\":{\"@id\":\"https:\/\/gemmaromeu.com\/#website\"},\"primaryImageOfPage\":{\"@id\":\"https:\/\/gemmaromeu.com\/index.php\/contacte\/#primaryimage\"},\"image\":{\"@id\":\"https:\/\/gemmaromeu.com\/index.php\/contacte\/#primaryimage\"},\"thumbnailUrl\":\"http:\/\/gemmaromeu.com\/wp-content\/uploads\/2022\/02\/bombilla-300x300.png\",\"datePublished\":\"2020-10-25T10:37:54+00:00\",\"dateModified\":\"2024-01-19T11:56:48+00:00\",\"breadcrumb\":{\"@id\":\"https:\/\/gemmaromeu.com\/index.php\/contacte\/#breadcrumb\"},\"inLanguage\":\"es\",\"potentialAction\":[{\"@type\":\"ReadAction\",\"target\":[\"https:\/\/gemmaromeu.com\/index.php\/contacte\/\"]}]},{\"@type\":\"ImageObject\",\"inLanguage\":\"es\",\"@id\":\"https:\/\/gemmaromeu.com\/index.php\/contacte\/#primaryimage\",\"url\":\"https:\/\/gemmaromeu.com\/wp-content\/uploads\/2022\/02\/bombilla.png\",\"contentUrl\":\"https:\/\/gemmaromeu.com\/wp-content\/uploads\/2022\/02\/bombilla.png\",\"width\":512,\"height\":512},{\"@type\":\"BreadcrumbList\",\"@id\":\"https:\/\/gemmaromeu.com\/index.php\/contacte\/#breadcrumb\",\"itemListElement\":[{\"@type\":\"ListItem\",\"position\":1,\"name\":\"Portada\",\"item\":\"http:\/\/gemmaromeu.com\/\"},{\"@type\":\"ListItem\",\"position\":2,\"name\":\"Contacte\"}]},{\"@type\":\"WebSite\",\"@id\":\"https:\/\/gemmaromeu.com\/#website\",\"url\":\"https:\/\/gemmaromeu.com\/\",\"name\":\"Gemma Romeu i Punt\u00ed\",\"description\":\"correctora \u00b7 redactora \u00b7 traductora \u00b7 assessora ling\u00fc\u00edstica\",\"potentialAction\":[{\"@type\":\"SearchAction\",\"target\":{\"@type\":\"EntryPoint\",\"urlTemplate\":\"https:\/\/gemmaromeu.com\/?s={search_term_string}\"},\"query-input\":\"required name=search_term_string\"}],\"inLanguage\":\"es\"}]}<\/script>\n<!-- \/ Yoast SEO plugin. -->","yoast_head_json":{"title":"Contacte - Gemma Romeu i Punt\u00ed","robots":{"index":"index","follow":"follow","max-snippet":"max-snippet:-1","max-image-preview":"max-image-preview:large","max-video-preview":"max-video-preview:-1"},"canonical":"https:\/\/gemmaromeu.com\/index.php\/contacte\/","og_locale":"es_ES","og_type":"article","og_title":"Contacte - Gemma Romeu i Punt\u00ed","og_description":"Els dubtes es resolen preguntant-los! Estic encantada d&#8217;escoltar-te i col\u00b7laborar en la materialitzaci\u00f3 de les teves idees. Si tens qualsevol consulta, ja sigui per a un projecte de correcci\u00f3, traducci\u00f3 o assessorament, fes-me arribar el teu missatge. Gr\u00e0cies per considerar-me [&hellip;]","og_url":"https:\/\/gemmaromeu.com\/index.php\/contacte\/","og_site_name":"Gemma Romeu i Punt\u00ed","article_modified_time":"2024-01-19T11:56:48+00:00","og_image":[{"url":"http:\/\/gemmaromeu.com\/wp-content\/uploads\/2022\/02\/bombilla-300x300.png"}],"twitter_card":"summary_large_image","twitter_misc":{"Tiempo de lectura":"2 minutos"},"schema":{"@context":"https:\/\/schema.org","@graph":[{"@type":"WebPage","@id":"https:\/\/gemmaromeu.com\/index.php\/contacte\/","url":"https:\/\/gemmaromeu.com\/index.php\/contacte\/","name":"Contacte - Gemma Romeu i Punt\u00ed","isPartOf":{"@id":"https:\/\/gemmaromeu.com\/#website"},"primaryImageOfPage":{"@id":"https:\/\/gemmaromeu.com\/index.php\/contacte\/#primaryimage"},"image":{"@id":"https:\/\/gemmaromeu.com\/index.php\/contacte\/#primaryimage"},"thumbnailUrl":"http:\/\/gemmaromeu.com\/wp-content\/uploads\/2022\/02\/bombilla-300x300.png","datePublished":"2020-10-25T10:37:54+00:00","dateModified":"2024-01-19T11:56:48+00:00","breadcrumb":{"@id":"https:\/\/gemmaromeu.com\/index.php\/contacte\/#breadcrumb"},"inLanguage":"es","potentialAction":[{"@type":"ReadAction","target":["https:\/\/gemmaromeu.com\/index.php\/contacte\/"]}]},{"@type":"ImageObject","inLanguage":"es","@id":"https:\/\/gemmaromeu.com\/index.php\/contacte\/#primaryimage","url":"https:\/\/gemmaromeu.com\/wp-content\/uploads\/2022\/02\/bombilla.png","contentUrl":"https:\/\/gemmaromeu.com\/wp-content\/uploads\/2022\/02\/bombilla.png","width":512,"height":512},{"@type":"BreadcrumbList","@id":"https:\/\/gemmaromeu.com\/index.php\/contacte\/#breadcrumb","itemListElement":[{"@type":"ListItem","position":1,"name":"Portada","item":"http:\/\/gemmaromeu.com\/"},{"@type":"ListItem","position":2,"name":"Contacte"}]},{"@type":"WebSite","@id":"https:\/\/gemmaromeu.com\/#website","url":"https:\/\/gemmaromeu.com\/","name":"Gemma Romeu i Punt\u00ed","description":"correctora \u00b7 redactora \u00b7 traductora \u00b7 assessora ling\u00fc\u00edstica","potentialAction":[{"@type":"SearchAction","target":{"@type":"EntryPoint","urlTemplate":"https:\/\/gemmaromeu.com\/?s={search_term_string}"},"query-input":"required name=search_term_string"}],"inLanguage":"es"}]}},"_links":{"self":[{"href":"https:\/\/gemmaromeu.com\/index.php\/wp-json\/wp\/v2\/pages\/215","targetHints":{"allow":["GET"]}}],"collection":[{"href":"https:\/\/gemmaromeu.com\/index.php\/wp-json\/wp\/v2\/pages"}],"about":[{"href":"https:\/\/gemmaromeu.com\/index.php\/wp-json\/wp\/v2\/types\/page"}],"author":[{"embeddable":true,"href":"https:\/\/gemmaromeu.com\/index.php\/wp-json\/wp\/v2\/users\/1"}],"replies":[{"embeddable":true,"href":"https:\/\/gemmaromeu.com\/index.php\/wp-json\/wp\/v2\/comments?post=215"}],"version-history":[{"count":27,"href":"https:\/\/gemmaromeu.com\/index.php\/wp-json\/wp\/v2\/pages\/215\/revisions"}],"predecessor-version":[{"id":857,"href":"https:\/\/gemmaromeu.com\/index.php\/wp-json\/wp\/v2\/pages\/215\/revisions\/857"}],"wp:attachment":[{"href":"https:\/\/gemmaromeu.com\/index.php\/wp-json\/wp\/v2\/media?parent=215"}],"curies":[{"name":"wp","href":"https:\/\/api.w.org\/{rel}","templated":true}]}}