{"id":211,"date":"2020-10-25T11:34:12","date_gmt":"2020-10-25T10:34:12","guid":{"rendered":"http:\/\/gemmaromeu.com\/?page_id=211"},"modified":"2026-03-04T15:18:41","modified_gmt":"2026-03-04T14:18:41","slug":"obres-publicades","status":"publish","type":"page","link":"https:\/\/gemmaromeu.com\/index.php\/obres-publicades\/","title":{"rendered":"Obres publicades"},"content":{"rendered":"<ul>\n<li><strong><em>El primer crimen<\/em><\/strong> (Roca Editorial, 2026). Novel\u00b7la negra: traducci\u00f3 al castell\u00e0 de <em>Benvingut al caos<\/em>. <a href=\"https:\/\/bit.ly\/4jDffMH\" target=\"_blank\" rel=\"noopener\"><strong>\u00a1C\u00f3mpra-la aqu\u00ed!<\/strong><\/a><\/li>\n<\/ul>\n<h6><\/h6>\n<ul>\n<li><strong><em>Benvingut al caos<\/em><\/strong> (Llibres del Delicte, 2024). Novel\u00b7la negra. <strong><a href=\"https:\/\/www.llibresdeldelicte.com\/llibre\/benvingut-al-caos\/\" target=\"_blank\" rel=\"noopener\">Compra-la aqu\u00ed!<\/a><\/strong><\/li>\n<\/ul>\n<h6><\/h6>\n<ul>\n<li><em><strong>Silenci al fiord<\/strong><\/em> (Servei Publicacions UAB, 2021), novel\u00b7la premiada amb el XXVII Premi de Novel\u00b7la \u00abValldaura \u2013 Memorial Pere Calders\u00bb 2021. <strong><a href=\"http:\/\/gemmaromeu.com\/index.php\/obres-publicades\/silenci-al-fiord-proleg-i-1-cap\/\" target=\"_blank\" rel=\"attachment noopener wp-att-761\">Llegeix el pr\u00f2leg i un fragment del primer cap\u00edtol gratis.<\/a><\/strong> O b\u00e9: <strong><a href=\"https:\/\/www.amazon.es\/Silenci-fiord-Novel-Valldaura-Memorial-Calders\/dp\/8449099633\/ref=sr_1_1?__mk_es_ES=%C3%85M%C3%85%C5%BD%C3%95%C3%91&amp;crid=2D1YAB22KSBCS&amp;keywords=gemma+romeu&amp;qid=1644335079&amp;sprefix=gemma+romeu+%2Caps%2C101&amp;sr=8-1\" target=\"_blank\" rel=\"noopener\">compra&#8217;l aqu\u00ed.<\/a><\/strong><\/li>\n<\/ul>\n<h6><\/h6>\n<ul>\n<li><em><strong>En el nom del mal<\/strong><\/em>, narraci\u00f3 inclosa en la antologia de relats titulada <em>Escribir en tiempos de pandemia<\/em> (Parnas Ediciones, 2020). <strong><a href=\"http:\/\/parnassediciones.com\/relatos\/escribir-en-tiempos-de-pandemia\/\" target=\"_blank\" rel=\"noopener noreferrer\">Compra&#8217;l aqu\u00ed<\/a><\/strong>.<\/li>\n<\/ul>\n<h6><\/h6>\n<ul>\n<li><strong><em>Hello Real World. Lo que no me ense\u00f1aron sobre programaci\u00f3n y me encontr\u00e9 en el mundo laboral<\/em><\/strong>. Col\u00b7laboraci\u00f3 amb Samuel Fern\u00e1ndez, programador inform\u00e0tic. (Autoedici\u00f3, 2020). <strong><a href=\"http:\/\/gemmaromeu.com\/index.php\/obres-publicades\/mostra-gratis-capitol-2-web-gemma-ok-2\/\" target=\"_blank\" rel=\"attachment noopener wp-att-538 noreferrer\">Llegeix-ne un cap\u00edtol gratis<\/a>\u00a0<\/strong>o <strong><a href=\"https:\/\/www.amazon.es\/HELLO-REAL-WORLD-ense%C3%B1aron-programaci%C3%B3n-ebook\/dp\/B08Q26DN3D\/ref=sr_1_1?__mk_es_ES=%C3%85M%C3%85%C5%BD%C3%95%C3%91&amp;dchild=1&amp;keywords=hello+real+world&amp;qid=1607535332&amp;sr=8-1\" target=\"_blank\" rel=\"noopener noreferrer\">compra&#8217;l aqu\u00ed<\/a>.<\/strong><\/li>\n<\/ul>\n<p>&nbsp;<\/p>\n<p><em>Relats i poemes premiats en concursos literaris:<\/em><\/p>\n<h6><\/h6>\n<ul>\n<li><strong><em>La lladre de records<\/em><\/strong>, relat finalista al Premi Vent de Port de Contes 2020 &#8211; La Casa del Sol Naixent (Tremp, 2020). Narraci\u00f3 inclosa al llibre de relats premiats <em>Lucina i altres narraccions<\/em>. <a href=\"https:\/\/www.pageseditors.cat\/ca\/lucina-i-altres-narracions.html\" target=\"_blank\" rel=\"noopener\"><strong>C\u00f3mpra&#8217;l aqu\u00ed<\/strong><\/a>.<\/li>\n<\/ul>\n<h6><\/h6>\n<ul>\n<li><strong><em>El m\u00e9s buscat<\/em><\/strong>, relat premiat al XXIV Concurs de Narrativa Dones \u00c0rtemis (Cornell\u00e0 de Llobregat, 2020). <strong><a href=\"http:\/\/gemmaromeu.com\/wp-content\/uploads\/2020\/10\/7.-El-mes-buscat.pdf\" target=\"_blank\" rel=\"noopener noreferrer\">Llegeix-ne un fragment.<\/a><\/strong><\/li>\n<\/ul>\n<h6><\/h6>\n<ul>\n<li><strong><em>La torre<\/em><\/strong>, relat premiat al XXIV Premi Narrativa Ciutat de Manlleu (2018). <strong><a href=\"http:\/\/gemmaromeu.com\/wp-content\/uploads\/2020\/10\/6.-La-torre.pdf\" target=\"_blank\" rel=\"noopener noreferrer\">Llegeix-ne un fragment.<\/a><\/strong><\/li>\n<\/ul>\n<h6><\/h6>\n<ul>\n<li><strong><em>Entre els n\u00favols<\/em><\/strong>, relat finalista al XXII Concurs de Narrativa Dones \u00c0rtemis (Cornell\u00e0 de Llobregat, 2017). <strong><a href=\"http:\/\/gemmaromeu.com\/wp-content\/uploads\/2020\/10\/5.-Entre-els-nuvols.pdf\" target=\"_blank\" rel=\"noopener noreferrer\">Llegeix-ne un fragment.<\/a><\/strong><\/li>\n<\/ul>\n<h6><\/h6>\n<ul>\n<li><strong><em>\u00c0ncores<\/em><\/strong>, relat premiat al Premi Antoni de Bofarull de Narrativa Breu dels XXXVII Premis Baix Camp per a Joves Escriptors (Reus, 2017). <strong><a href=\"http:\/\/gemmaromeu.com\/wp-content\/uploads\/2020\/10\/4.-Ancores.pdf\" target=\"_blank\" rel=\"noopener noreferrer\">Llegeix-ne un fragment.<\/a><\/strong><\/li>\n<\/ul>\n<h6><\/h6>\n<ul>\n<li><strong><em>La violinista del nord<\/em><\/strong>, relat finalista al XVIII Premi Literari Vila de Puigcerd\u00e0 (2013). <strong><a href=\"http:\/\/gemmaromeu.com\/wp-content\/uploads\/2020\/10\/3.-La-violinista-del-nord-finalista-2013-Puigcerda-Cerdanya.pdf\" target=\"_blank\" rel=\"noopener noreferrer\">Llegeix-ne un fragment.<\/a><\/strong><\/li>\n<\/ul>\n<h6><\/h6>\n<ul>\n<li><strong><em>Un \u00e0ngel caigut del cel<\/em><\/strong>, relat premiat al XXIII Certamen de Narrativa Breu per a Joves Sant Jordi (Asc\u00f3, 2012). <strong><a href=\"http:\/\/gemmaromeu.com\/wp-content\/uploads\/2020\/10\/2.-Un-angel-caigut-del-cel-1r-premi-2012-Asco-Ribera-dEbre.pdf\" target=\"_blank\" rel=\"noopener noreferrer\">Llegeix-ne un fragment.<\/a><\/strong><\/li>\n<\/ul>\n<h6><\/h6>\n<ul>\n<li><strong><em>En algun lloc de Noruega<\/em><\/strong>, relat premiat al XIII Premi V\u00edctor Mora de Narrativa Breu (L&#8217;Escala, 2011).<\/li>\n<\/ul>\n<h6><\/h6>\n<ul>\n<li><strong><em>Un vers i un adeu<\/em><\/strong>, recull de poemes premiat al Premi Josep Pla (Calella de Palafrugell, 2011).<\/li>\n<\/ul>\n<h6><\/h6>\n<ul>\n<li><strong><em>Focs follets<\/em><\/strong>, relat premiat al Premi Juvenil Vall\u00e8s Oriental d&#8217;\u00d2mnium Cultural de Grandollers (2009). <strong><a href=\"http:\/\/gemmaromeu.com\/wp-content\/uploads\/2020\/10\/1.-Focs-follets-1r-premi-2010-Granollers-1.pdf\" target=\"_blank\" rel=\"noopener noreferrer\">Llegeix-lo aqu\u00ed<\/a>.<\/strong><\/li>\n<\/ul>\n<h6><\/h6>\n<ul>\n<li>\u00ab<strong>La m\u00fasica del teu somriure<\/strong>\u00ab, poema premiat al Premi de Poesia Juvenil Pedra de l&#8217;Encant (Granollers, 2009).<\/li>\n<\/ul>\n<h6><\/h6>\n<ul>\n<li>\u00a0<strong><em>En recordan\u00e7a de Gwyinda Archer<\/em><\/strong>, relat premiat als X Premis Literaris de Tona. Premi de Prosa La Font del Ferro (Tona, 2008).<\/li>\n<\/ul>\n<p>&nbsp;<\/p>\n<p><em>Ressenyes:<\/em><\/p>\n<ul>\n<li>Ressenya de la novel\u00b7la <em>Mar\u00eda en el multiverso<\/em>, de Mar\u00eda Cede\u00f1o P\u00e9rez (Caligrama, 2020). <strong><a href=\"http:\/\/gemmaromeu.com\/index.php\/2021\/01\/19\/el-trencaclosques-oniric-ressenya-de-la-novella-maria-en-el-multiverso\/\" target=\"_blank\" rel=\"noopener\">En l\u00ednia.<\/a><\/strong><\/li>\n<\/ul>\n<h6><\/h6>\n<ul>\n<li>Ressenya de la novel\u00b7la <em>La fugida d&#8217;Ur\u00e0nia<\/em>, de Susanna Rafart\u00a0(Comanegra, 2018). <strong><a href=\"https:\/\/descriu.org\/instantanies-mascarades-i-altres-poesies\/\" target=\"_blank\" rel=\"noopener noreferrer\">En l\u00ednia.<\/a><\/strong><\/li>\n<\/ul>\n<h6><\/h6>\n<ul>\n<li>Ressenya de la novel\u00b7la <em>Secundaris<\/em>, de N\u00faria Cadenes (Comanegra, 2018). <strong><a href=\"https:\/\/descriu.org\/la-cara-mes-fosca\/\" target=\"_blank\" rel=\"noopener noreferrer\">En l\u00ednia.<\/a><\/strong><\/li>\n<\/ul>\n","protected":false},"excerpt":{"rendered":"<p>El primer crimen (Roca Editorial, 2026). Novel\u00b7la negra: traducci\u00f3 al castell\u00e0 de Benvingut al caos. \u00a1C\u00f3mpra-la aqu\u00ed! Benvingut al caos (Llibres del Delicte, 2024). Novel\u00b7la negra. Compra-la aqu\u00ed! Silenci al fiord (Servei Publicacions UAB, 2021), novel\u00b7la premiada amb el XXVII [&hellip;]<\/p>\n","protected":false},"author":1,"featured_media":0,"parent":0,"menu_order":0,"comment_status":"closed","ping_status":"closed","template":"page-templates\/page_fullwidth.php","meta":{"footnotes":""},"class_list":["post-211","page","type-page","status-publish","hentry","clearfix"],"yoast_head":"<!-- This site is optimized with the Yoast SEO plugin v22.9 - https:\/\/yoast.com\/wordpress\/plugins\/seo\/ -->\n<title>Obres publicades - Gemma Romeu i Punt\u00ed<\/title>\n<meta name=\"robots\" content=\"index, follow, max-snippet:-1, max-image-preview:large, max-video-preview:-1\" \/>\n<link rel=\"canonical\" href=\"https:\/\/gemmaromeu.com\/index.php\/obres-publicades\/\" \/>\n<meta property=\"og:locale\" content=\"es_ES\" \/>\n<meta property=\"og:type\" content=\"article\" \/>\n<meta property=\"og:title\" content=\"Obres publicades - Gemma Romeu i Punt\u00ed\" \/>\n<meta property=\"og:description\" content=\"El primer crimen (Roca Editorial, 2026). Novel\u00b7la negra: traducci\u00f3 al castell\u00e0 de Benvingut al caos. \u00a1C\u00f3mpra-la aqu\u00ed! Benvingut al caos (Llibres del Delicte, 2024). Novel\u00b7la negra. Compra-la aqu\u00ed! Silenci al fiord (Servei Publicacions UAB, 2021), novel\u00b7la premiada amb el XXVII [&hellip;]\" \/>\n<meta property=\"og:url\" content=\"https:\/\/gemmaromeu.com\/index.php\/obres-publicades\/\" \/>\n<meta property=\"og:site_name\" content=\"Gemma Romeu i Punt\u00ed\" \/>\n<meta property=\"article:modified_time\" content=\"2026-03-04T14:18:41+00:00\" \/>\n<meta name=\"twitter:card\" content=\"summary_large_image\" \/>\n<meta name=\"twitter:label1\" content=\"Tiempo de lectura\" \/>\n\t<meta name=\"twitter:data1\" content=\"2 minutos\" \/>\n<script type=\"application\/ld+json\" class=\"yoast-schema-graph\">{\"@context\":\"https:\/\/schema.org\",\"@graph\":[{\"@type\":\"WebPage\",\"@id\":\"https:\/\/gemmaromeu.com\/index.php\/obres-publicades\/\",\"url\":\"https:\/\/gemmaromeu.com\/index.php\/obres-publicades\/\",\"name\":\"Obres publicades - Gemma Romeu i Punt\u00ed\",\"isPartOf\":{\"@id\":\"https:\/\/gemmaromeu.com\/#website\"},\"datePublished\":\"2020-10-25T10:34:12+00:00\",\"dateModified\":\"2026-03-04T14:18:41+00:00\",\"breadcrumb\":{\"@id\":\"https:\/\/gemmaromeu.com\/index.php\/obres-publicades\/#breadcrumb\"},\"inLanguage\":\"es\",\"potentialAction\":[{\"@type\":\"ReadAction\",\"target\":[\"https:\/\/gemmaromeu.com\/index.php\/obres-publicades\/\"]}]},{\"@type\":\"BreadcrumbList\",\"@id\":\"https:\/\/gemmaromeu.com\/index.php\/obres-publicades\/#breadcrumb\",\"itemListElement\":[{\"@type\":\"ListItem\",\"position\":1,\"name\":\"Portada\",\"item\":\"http:\/\/gemmaromeu.com\/\"},{\"@type\":\"ListItem\",\"position\":2,\"name\":\"Obres publicades\"}]},{\"@type\":\"WebSite\",\"@id\":\"https:\/\/gemmaromeu.com\/#website\",\"url\":\"https:\/\/gemmaromeu.com\/\",\"name\":\"Gemma Romeu i Punt\u00ed\",\"description\":\"correctora \u00b7 redactora \u00b7 traductora \u00b7 assessora ling\u00fc\u00edstica\",\"potentialAction\":[{\"@type\":\"SearchAction\",\"target\":{\"@type\":\"EntryPoint\",\"urlTemplate\":\"https:\/\/gemmaromeu.com\/?s={search_term_string}\"},\"query-input\":\"required name=search_term_string\"}],\"inLanguage\":\"es\"}]}<\/script>\n<!-- \/ Yoast SEO plugin. -->","yoast_head_json":{"title":"Obres publicades - Gemma Romeu i Punt\u00ed","robots":{"index":"index","follow":"follow","max-snippet":"max-snippet:-1","max-image-preview":"max-image-preview:large","max-video-preview":"max-video-preview:-1"},"canonical":"https:\/\/gemmaromeu.com\/index.php\/obres-publicades\/","og_locale":"es_ES","og_type":"article","og_title":"Obres publicades - Gemma Romeu i Punt\u00ed","og_description":"El primer crimen (Roca Editorial, 2026). Novel\u00b7la negra: traducci\u00f3 al castell\u00e0 de Benvingut al caos. \u00a1C\u00f3mpra-la aqu\u00ed! Benvingut al caos (Llibres del Delicte, 2024). Novel\u00b7la negra. Compra-la aqu\u00ed! Silenci al fiord (Servei Publicacions UAB, 2021), novel\u00b7la premiada amb el XXVII [&hellip;]","og_url":"https:\/\/gemmaromeu.com\/index.php\/obres-publicades\/","og_site_name":"Gemma Romeu i Punt\u00ed","article_modified_time":"2026-03-04T14:18:41+00:00","twitter_card":"summary_large_image","twitter_misc":{"Tiempo de lectura":"2 minutos"},"schema":{"@context":"https:\/\/schema.org","@graph":[{"@type":"WebPage","@id":"https:\/\/gemmaromeu.com\/index.php\/obres-publicades\/","url":"https:\/\/gemmaromeu.com\/index.php\/obres-publicades\/","name":"Obres publicades - Gemma Romeu i Punt\u00ed","isPartOf":{"@id":"https:\/\/gemmaromeu.com\/#website"},"datePublished":"2020-10-25T10:34:12+00:00","dateModified":"2026-03-04T14:18:41+00:00","breadcrumb":{"@id":"https:\/\/gemmaromeu.com\/index.php\/obres-publicades\/#breadcrumb"},"inLanguage":"es","potentialAction":[{"@type":"ReadAction","target":["https:\/\/gemmaromeu.com\/index.php\/obres-publicades\/"]}]},{"@type":"BreadcrumbList","@id":"https:\/\/gemmaromeu.com\/index.php\/obres-publicades\/#breadcrumb","itemListElement":[{"@type":"ListItem","position":1,"name":"Portada","item":"http:\/\/gemmaromeu.com\/"},{"@type":"ListItem","position":2,"name":"Obres publicades"}]},{"@type":"WebSite","@id":"https:\/\/gemmaromeu.com\/#website","url":"https:\/\/gemmaromeu.com\/","name":"Gemma Romeu i Punt\u00ed","description":"correctora \u00b7 redactora \u00b7 traductora \u00b7 assessora ling\u00fc\u00edstica","potentialAction":[{"@type":"SearchAction","target":{"@type":"EntryPoint","urlTemplate":"https:\/\/gemmaromeu.com\/?s={search_term_string}"},"query-input":"required name=search_term_string"}],"inLanguage":"es"}]}},"_links":{"self":[{"href":"https:\/\/gemmaromeu.com\/index.php\/wp-json\/wp\/v2\/pages\/211","targetHints":{"allow":["GET"]}}],"collection":[{"href":"https:\/\/gemmaromeu.com\/index.php\/wp-json\/wp\/v2\/pages"}],"about":[{"href":"https:\/\/gemmaromeu.com\/index.php\/wp-json\/wp\/v2\/types\/page"}],"author":[{"embeddable":true,"href":"https:\/\/gemmaromeu.com\/index.php\/wp-json\/wp\/v2\/users\/1"}],"replies":[{"embeddable":true,"href":"https:\/\/gemmaromeu.com\/index.php\/wp-json\/wp\/v2\/comments?post=211"}],"version-history":[{"count":49,"href":"https:\/\/gemmaromeu.com\/index.php\/wp-json\/wp\/v2\/pages\/211\/revisions"}],"predecessor-version":[{"id":955,"href":"https:\/\/gemmaromeu.com\/index.php\/wp-json\/wp\/v2\/pages\/211\/revisions\/955"}],"wp:attachment":[{"href":"https:\/\/gemmaromeu.com\/index.php\/wp-json\/wp\/v2\/media?parent=211"}],"curies":[{"name":"wp","href":"https:\/\/api.w.org\/{rel}","templated":true}]}}