{"id":146,"date":"2020-10-24T10:09:55","date_gmt":"2020-10-24T08:09:55","guid":{"rendered":"http:\/\/gemmaromeu.com\/?page_id=146"},"modified":"2024-07-29T15:23:52","modified_gmt":"2024-07-29T13:23:52","slug":"inicio","status":"publish","type":"page","link":"https:\/\/gemmaromeu.com\/index.php\/es\/inicio\/","title":{"rendered":"Inicio"},"content":{"rendered":"<p><img loading=\"lazy\" decoding=\"async\" class=\"aligncenter wp-image-917 size-thumbnail\" src=\"http:\/\/gemmaromeu.com\/wp-content\/uploads\/2024\/07\/NOU-LOGO-2024-e1722259366602-150x150.png\" alt=\"\" width=\"150\" height=\"150\" \/><\/p>\n<p>El gusto por la lectura y la palabra escrita me ha llevado a especializarme en esta profesi\u00f3n tan apasionante. La <strong>correcci\u00f3n de textos<\/strong> es un oficio muchas veces invisible y poco reconocido, pero definitivamente indispensable si se quiere conseguir un texto con un m\u00ednimo de <strong>calidad<\/strong>.<\/p>\n<p>Los errores pasan factura. Dificultan la lectura y, en el caso de blogs y webs profesionales, desaniman a los clientes porque son signos de falta de atenci\u00f3n a los detalles. <strong>Un texto pulido, libre de incorrecciones y bien redactado<\/strong> multiplica las posibilidades de que tu lector no pierda el hilo e, incluso, retenga el mensaje que le has transmitido.<\/p>\n<p>Los <strong>fil\u00f3logos<\/strong> tenemos un conocimiento profundo de la lengua porque es <strong>nuestra herramienta de trabajo<\/strong>, pero aun as\u00ed a veces tambi\u00e9n nos surgen dudas ling\u00fc\u00edsticas. Es por ello que nuestra profesi\u00f3n nos exige saber utilizar los <strong>recursos de consulta ling\u00fc\u00edstica<\/strong>, tanto en papel como digitales, para ofrecer la versi\u00f3n m\u00e1s \u00f3ptima del texto que tenemos entre manos.<\/p>\n<p>Las tres palabras que definen mi manera de trabajar son: <strong>rigor<\/strong>, <strong>minuciosidad<\/strong> y <strong>paciencia<\/strong>.<\/p>\n<p>De mi profesi\u00f3n me encanta dar forma a los textos, editarlos y corregirlos<strong> seg\u00fan el prop\u00f3sito y el estilo<\/strong>, aunque ya a nivel personal. Soy de esas personas que revisan una oraci\u00f3n repetidamente para asegurarme de que no hay ning\u00fan error. Y tambi\u00e9n soy esas personas que no se conforma con una palabra demasiado imprecisa, sino que busco el <strong>t\u00e9rmino m\u00e1s adecuado<\/strong> que expresa exactamente la idea que quiero transmitir.<\/p>\n<p><strong>Si necesitas una correcci\u00f3n<\/strong>, o no sabes c\u00f3mo enfocar la redacci\u00f3n de un texto, o buscas alguien que ponga por escrito la idea de que te vuela por la cabeza (ya sea un libro o el <em>copy<\/em> de una web), o tienes cualquier otra duda relacionada con la escritura, <a href=\"https:\/\/gemmaromeu.com\/index.php\/es\/contacto\/\"><strong>\u00a1cont\u00e1ctame!\u00a0<\/strong><\/a><\/p>\n","protected":false},"excerpt":{"rendered":"<p>El gusto por la lectura y la palabra escrita me ha llevado a especializarme en esta profesi\u00f3n tan apasionante. La correcci\u00f3n de textos es un oficio muchas veces invisible y poco reconocido, pero definitivamente indispensable si se quiere conseguir un [&hellip;]<\/p>\n","protected":false},"author":1,"featured_media":0,"parent":0,"menu_order":0,"comment_status":"closed","ping_status":"closed","template":"page-templates\/page_fullwidth.php","meta":{"footnotes":""},"class_list":["post-146","page","type-page","status-publish","hentry","clearfix"],"yoast_head":"<!-- This site is optimized with the Yoast SEO plugin v22.9 - https:\/\/yoast.com\/wordpress\/plugins\/seo\/ -->\n<title>Inicio - Gemma Romeu i Punt\u00ed<\/title>\n<meta name=\"robots\" content=\"index, follow, max-snippet:-1, max-image-preview:large, max-video-preview:-1\" \/>\n<link rel=\"canonical\" href=\"https:\/\/gemmaromeu.com\/index.php\/es\/inicio\/\" \/>\n<meta property=\"og:locale\" content=\"es_ES\" \/>\n<meta property=\"og:type\" content=\"article\" \/>\n<meta property=\"og:title\" content=\"Inicio - Gemma Romeu i Punt\u00ed\" \/>\n<meta property=\"og:description\" content=\"El gusto por la lectura y la palabra escrita me ha llevado a especializarme en esta profesi\u00f3n tan apasionante. La correcci\u00f3n de textos es un oficio muchas veces invisible y poco reconocido, pero definitivamente indispensable si se quiere conseguir un [&hellip;]\" \/>\n<meta property=\"og:url\" content=\"https:\/\/gemmaromeu.com\/index.php\/es\/inicio\/\" \/>\n<meta property=\"og:site_name\" content=\"Gemma Romeu i Punt\u00ed\" \/>\n<meta property=\"article:modified_time\" content=\"2024-07-29T13:23:52+00:00\" \/>\n<meta property=\"og:image\" content=\"http:\/\/gemmaromeu.com\/wp-content\/uploads\/2024\/07\/NOU-LOGO-2024-e1722259366602-150x150.png\" \/>\n<meta name=\"twitter:card\" content=\"summary_large_image\" \/>\n<meta name=\"twitter:label1\" content=\"Tiempo de lectura\" \/>\n\t<meta name=\"twitter:data1\" content=\"2 minutos\" \/>\n<script type=\"application\/ld+json\" class=\"yoast-schema-graph\">{\"@context\":\"https:\/\/schema.org\",\"@graph\":[{\"@type\":\"WebPage\",\"@id\":\"https:\/\/gemmaromeu.com\/index.php\/es\/inicio\/\",\"url\":\"https:\/\/gemmaromeu.com\/index.php\/es\/inicio\/\",\"name\":\"Inicio - Gemma Romeu i Punt\u00ed\",\"isPartOf\":{\"@id\":\"https:\/\/gemmaromeu.com\/#website\"},\"primaryImageOfPage\":{\"@id\":\"https:\/\/gemmaromeu.com\/index.php\/es\/inicio\/#primaryimage\"},\"image\":{\"@id\":\"https:\/\/gemmaromeu.com\/index.php\/es\/inicio\/#primaryimage\"},\"thumbnailUrl\":\"http:\/\/gemmaromeu.com\/wp-content\/uploads\/2024\/07\/NOU-LOGO-2024-e1722259366602-150x150.png\",\"datePublished\":\"2020-10-24T08:09:55+00:00\",\"dateModified\":\"2024-07-29T13:23:52+00:00\",\"breadcrumb\":{\"@id\":\"https:\/\/gemmaromeu.com\/index.php\/es\/inicio\/#breadcrumb\"},\"inLanguage\":\"es\",\"potentialAction\":[{\"@type\":\"ReadAction\",\"target\":[\"https:\/\/gemmaromeu.com\/index.php\/es\/inicio\/\"]}]},{\"@type\":\"ImageObject\",\"inLanguage\":\"es\",\"@id\":\"https:\/\/gemmaromeu.com\/index.php\/es\/inicio\/#primaryimage\",\"url\":\"https:\/\/gemmaromeu.com\/wp-content\/uploads\/2024\/07\/NOU-LOGO-2024-e1722259366602.png\",\"contentUrl\":\"https:\/\/gemmaromeu.com\/wp-content\/uploads\/2024\/07\/NOU-LOGO-2024-e1722259366602.png\",\"width\":392,\"height\":353},{\"@type\":\"BreadcrumbList\",\"@id\":\"https:\/\/gemmaromeu.com\/index.php\/es\/inicio\/#breadcrumb\",\"itemListElement\":[{\"@type\":\"ListItem\",\"position\":1,\"name\":\"Portada\",\"item\":\"http:\/\/gemmaromeu.com\/\"},{\"@type\":\"ListItem\",\"position\":2,\"name\":\"Inicio\"}]},{\"@type\":\"WebSite\",\"@id\":\"https:\/\/gemmaromeu.com\/#website\",\"url\":\"https:\/\/gemmaromeu.com\/\",\"name\":\"Gemma Romeu i Punt\u00ed\",\"description\":\"correctora \u00b7 redactora \u00b7 traductora \u00b7 assessora ling\u00fc\u00edstica\",\"potentialAction\":[{\"@type\":\"SearchAction\",\"target\":{\"@type\":\"EntryPoint\",\"urlTemplate\":\"https:\/\/gemmaromeu.com\/?s={search_term_string}\"},\"query-input\":\"required name=search_term_string\"}],\"inLanguage\":\"es\"}]}<\/script>\n<!-- \/ Yoast SEO plugin. -->","yoast_head_json":{"title":"Inicio - Gemma Romeu i Punt\u00ed","robots":{"index":"index","follow":"follow","max-snippet":"max-snippet:-1","max-image-preview":"max-image-preview:large","max-video-preview":"max-video-preview:-1"},"canonical":"https:\/\/gemmaromeu.com\/index.php\/es\/inicio\/","og_locale":"es_ES","og_type":"article","og_title":"Inicio - Gemma Romeu i Punt\u00ed","og_description":"El gusto por la lectura y la palabra escrita me ha llevado a especializarme en esta profesi\u00f3n tan apasionante. La correcci\u00f3n de textos es un oficio muchas veces invisible y poco reconocido, pero definitivamente indispensable si se quiere conseguir un [&hellip;]","og_url":"https:\/\/gemmaromeu.com\/index.php\/es\/inicio\/","og_site_name":"Gemma Romeu i Punt\u00ed","article_modified_time":"2024-07-29T13:23:52+00:00","og_image":[{"url":"http:\/\/gemmaromeu.com\/wp-content\/uploads\/2024\/07\/NOU-LOGO-2024-e1722259366602-150x150.png"}],"twitter_card":"summary_large_image","twitter_misc":{"Tiempo de lectura":"2 minutos"},"schema":{"@context":"https:\/\/schema.org","@graph":[{"@type":"WebPage","@id":"https:\/\/gemmaromeu.com\/index.php\/es\/inicio\/","url":"https:\/\/gemmaromeu.com\/index.php\/es\/inicio\/","name":"Inicio - Gemma Romeu i Punt\u00ed","isPartOf":{"@id":"https:\/\/gemmaromeu.com\/#website"},"primaryImageOfPage":{"@id":"https:\/\/gemmaromeu.com\/index.php\/es\/inicio\/#primaryimage"},"image":{"@id":"https:\/\/gemmaromeu.com\/index.php\/es\/inicio\/#primaryimage"},"thumbnailUrl":"http:\/\/gemmaromeu.com\/wp-content\/uploads\/2024\/07\/NOU-LOGO-2024-e1722259366602-150x150.png","datePublished":"2020-10-24T08:09:55+00:00","dateModified":"2024-07-29T13:23:52+00:00","breadcrumb":{"@id":"https:\/\/gemmaromeu.com\/index.php\/es\/inicio\/#breadcrumb"},"inLanguage":"es","potentialAction":[{"@type":"ReadAction","target":["https:\/\/gemmaromeu.com\/index.php\/es\/inicio\/"]}]},{"@type":"ImageObject","inLanguage":"es","@id":"https:\/\/gemmaromeu.com\/index.php\/es\/inicio\/#primaryimage","url":"https:\/\/gemmaromeu.com\/wp-content\/uploads\/2024\/07\/NOU-LOGO-2024-e1722259366602.png","contentUrl":"https:\/\/gemmaromeu.com\/wp-content\/uploads\/2024\/07\/NOU-LOGO-2024-e1722259366602.png","width":392,"height":353},{"@type":"BreadcrumbList","@id":"https:\/\/gemmaromeu.com\/index.php\/es\/inicio\/#breadcrumb","itemListElement":[{"@type":"ListItem","position":1,"name":"Portada","item":"http:\/\/gemmaromeu.com\/"},{"@type":"ListItem","position":2,"name":"Inicio"}]},{"@type":"WebSite","@id":"https:\/\/gemmaromeu.com\/#website","url":"https:\/\/gemmaromeu.com\/","name":"Gemma Romeu i Punt\u00ed","description":"correctora \u00b7 redactora \u00b7 traductora \u00b7 assessora ling\u00fc\u00edstica","potentialAction":[{"@type":"SearchAction","target":{"@type":"EntryPoint","urlTemplate":"https:\/\/gemmaromeu.com\/?s={search_term_string}"},"query-input":"required name=search_term_string"}],"inLanguage":"es"}]}},"_links":{"self":[{"href":"https:\/\/gemmaromeu.com\/index.php\/wp-json\/wp\/v2\/pages\/146","targetHints":{"allow":["GET"]}}],"collection":[{"href":"https:\/\/gemmaromeu.com\/index.php\/wp-json\/wp\/v2\/pages"}],"about":[{"href":"https:\/\/gemmaromeu.com\/index.php\/wp-json\/wp\/v2\/types\/page"}],"author":[{"embeddable":true,"href":"https:\/\/gemmaromeu.com\/index.php\/wp-json\/wp\/v2\/users\/1"}],"replies":[{"embeddable":true,"href":"https:\/\/gemmaromeu.com\/index.php\/wp-json\/wp\/v2\/comments?post=146"}],"version-history":[{"count":15,"href":"https:\/\/gemmaromeu.com\/index.php\/wp-json\/wp\/v2\/pages\/146\/revisions"}],"predecessor-version":[{"id":920,"href":"https:\/\/gemmaromeu.com\/index.php\/wp-json\/wp\/v2\/pages\/146\/revisions\/920"}],"wp:attachment":[{"href":"https:\/\/gemmaromeu.com\/index.php\/wp-json\/wp\/v2\/media?parent=146"}],"curies":[{"name":"wp","href":"https:\/\/api.w.org\/{rel}","templated":true}]}}